{"id":7721,"date":"2026-02-18T12:24:18","date_gmt":"2026-02-18T11:24:18","guid":{"rendered":"https:\/\/aider.sk\/?post_type=product&#038;p=7721"},"modified":"2026-02-18T12:44:34","modified_gmt":"2026-02-18T11:44:34","slug":"subaru-outback-2019-id-1651","status":"publish","type":"product","link":"https:\/\/aider.sk\/en\/product\/subaru-outback-2019-id-1651\/","title":{"rendered":"Subaru Outback, 2019 (ID 1651)"},"content":{"rendered":"<ul>\n<li>V\u0161etky vozidl\u00e1 s\u00fa zabezpe\u010den\u00e9 proti da\u017e\u010fu a snehu (zaplachtovan\u00e9 alebo nalepen\u00e9 f\u00f3lie, ak to stav vozidla vy\u017eaduje)<\/li>\n<\/ul>\n<p>Inform\u00e1cie o po\u0161koden\u00ed:<\/p>\n<ul>\n<li>Blok motora: nepo\u0161koden\u00fd, po nehode i\u0161iel na\u0161tartova\u0165<\/li>\n<li>Vytiekli prev\u00e1dzkov\u00e9 kvapaliny: nie<\/li>\n<li>Motor je mo\u017en\u00e9 na\u0161tartova\u0165: \u00e1no, slab\u00fd akumul\u00e1tor<\/li>\n<li>Po zak\u00fapen\u00ed vozidla sa vy\u017eaduje prepis v evidencii vozidiel na pr\u00edslu\u0161nom dopravnom in\u0161pektor\u00e1te na kupuj\u00faceho.<\/li>\n<li>Vozilo po oprave je mo\u017en\u00e9 leg\u00e1lne pou\u017e\u00edva\u0165 na prev\u00e1dzku na pozemn\u00fdch komunik\u00e1ci\u00e1ch, je mo\u017en\u00e9 ho poisti\u0165 aj havarijne aj PZP<\/li>\n<li>Vozidlo je mo\u017en\u00e9 vyviez\u0165 do zahrani\u010dia (predaj do zahrani\u010dia)<\/li>\n<\/ul>","protected":false},"excerpt":{"rendered":"<ul>\n<li>Rok v\u00fdroby: 11\/2019<\/li>\n<li>Objem motora: 2498 cm3<\/li>\n<li>Palivo: Benz\u00edn<\/li>\n<li>V\u00fdkon motora: 129 kW<\/li>\n<li>Farba: \u0161ed\u00e1 metal\u00edza<\/li>\n<li>Najazden\u00e9 km:\u00a0 54000<\/li>\n<li>Platnos\u0165 TK: 06.10.2027<\/li>\n<li>Vozidlo sa nach\u00e1dza: Bratislava, SR<\/li>\n<li>Mo\u017enos\u0165 odpo\u010dtu DPH: \u00e1no\n<ul>\n<li><em>Zobrazen\u00e9 ceny s\u00fa vr\u00e1tane DPH, zad\u00e1vajte cenu vr\u00e1tane DPH<\/em><\/li>\n<\/ul>\n<\/li>\n<\/ul>","protected":false},"featured_media":7725,"template":"","meta":{"_eb_attr":"","site-sidebar-layout":"default","site-content-layout":"default","ast-site-content-layout":"default","site-content-style":"default","site-sidebar-style":"default","ast-global-header-display":"","ast-banner-title-visibility":"","ast-main-header-display":"","ast-hfb-above-header-display":"","ast-hfb-below-header-display":"","ast-hfb-mobile-header-display":"","site-post-title":"","ast-breadcrumbs-content":"","ast-featured-img":"","footer-sml-layout":"","theme-transparent-header-meta":"default","adv-header-id-meta":"","stick-header-meta":"default","header-above-stick-meta":"","header-main-stick-meta":"","header-below-stick-meta":"","astra-migrate-meta-layouts":"set","ast-page-background-enabled":"default","ast-page-background-meta":{"desktop":{"background-color":"var(--ast-global-color-4)","background-image":"","background-repeat":"repeat","background-position":"center center","background-size":"auto","background-attachment":"scroll","background-type":"","background-media":"","overlay-type":"","overlay-color":"","overlay-opacity":"","overlay-gradient":""},"tablet":{"background-color":"","background-image":"","background-repeat":"repeat","background-position":"center center","background-size":"auto","background-attachment":"scroll","background-type":"","background-media":"","overlay-type":"","overlay-color":"","overlay-opacity":"","overlay-gradient":""},"mobile":{"background-color":"","background-image":"","background-repeat":"repeat","background-position":"center center","background-size":"auto","background-attachment":"scroll","background-type":"","background-media":"","overlay-type":"","overlay-color":"","overlay-opacity":"","overlay-gradient":""}},"ast-content-background-meta":{"desktop":{"background-color":"var(--ast-global-color-5)","background-image":"","background-repeat":"repeat","background-position":"center center","background-size":"auto","background-attachment":"scroll","background-type":"","background-media":"","overlay-type":"","overlay-color":"","overlay-opacity":"","overlay-gradient":""},"tablet":{"background-color":"var(--ast-global-color-5)","background-image":"","background-repeat":"repeat","background-position":"center center","background-size":"auto","background-attachment":"scroll","background-type":"","background-media":"","overlay-type":"","overlay-color":"","overlay-opacity":"","overlay-gradient":""},"mobile":{"background-color":"var(--ast-global-color-5)","background-image":"","background-repeat":"repeat","background-position":"center center","background-size":"auto","background-attachment":"scroll","background-type":"","background-media":"","overlay-type":"","overlay-color":"","overlay-opacity":"","overlay-gradient":""}}},"product_brand":[],"product_cat":[73],"product_tag":[],"class_list":{"0":"post-7721","1":"product","2":"type-product","3":"status-publish","4":"has-post-thumbnail","6":"product_cat-auction","7":"desktop-align-left","8":"tablet-align-left","9":"mobile-align-left","10":"ast-product-gallery-layout-horizontal-slider","11":"ast-product-tabs-layout-horizontal","13":"first","14":"instock","15":"sold-individually","16":"shipping-taxable","17":"product-type-auction"},"_links":{"self":[{"href":"https:\/\/aider.sk\/en\/wp-json\/wp\/v2\/product\/7721","targetHints":{"allow":["GET"]}}],"collection":[{"href":"https:\/\/aider.sk\/en\/wp-json\/wp\/v2\/product"}],"about":[{"href":"https:\/\/aider.sk\/en\/wp-json\/wp\/v2\/types\/product"}],"wp:featuredmedia":[{"embeddable":true,"href":"https:\/\/aider.sk\/en\/wp-json\/wp\/v2\/media\/7725"}],"wp:attachment":[{"href":"https:\/\/aider.sk\/en\/wp-json\/wp\/v2\/media?parent=7721"}],"wp:term":[{"taxonomy":"product_brand","embeddable":true,"href":"https:\/\/aider.sk\/en\/wp-json\/wp\/v2\/product_brand?post=7721"},{"taxonomy":"product_cat","embeddable":true,"href":"https:\/\/aider.sk\/en\/wp-json\/wp\/v2\/product_cat?post=7721"},{"taxonomy":"product_tag","embeddable":true,"href":"https:\/\/aider.sk\/en\/wp-json\/wp\/v2\/product_tag?post=7721"}],"curies":[{"name":"wp","href":"https:\/\/api.w.org\/{rel}","templated":true}]}}