{"id":5555,"date":"2025-01-03T17:27:40","date_gmt":"2025-01-03T15:27:40","guid":{"rendered":"https:\/\/aider.sk\/?page_id=5555"},"modified":"2025-01-04T14:14:34","modified_gmt":"2025-01-04T12:14:34","slug":"co-vsetko-mozete-ziadat-preplatit-pri-totalnej-skode","status":"publish","type":"page","link":"https:\/\/aider.sk\/en\/co-vsetko-mozete-ziadat-preplatit-pri-totalnej-skode\/","title":{"rendered":"\u010co v\u0161etko m\u00f4\u017eete \u017eiada\u0165 preplati\u0165 pri tot\u00e1lnej \u0161kode?"},"content":{"rendered":"<div data-elementor-type=\"wp-page\" data-elementor-id=\"5555\" class=\"elementor elementor-5555\">\n\t\t\t\t\t\t<section class=\"elementor-section elementor-top-section elementor-element elementor-element-d54b7a4 elementor-section-boxed elementor-section-height-default elementor-section-height-default exad-glass-effect-no exad-sticky-section-no\" data-id=\"d54b7a4\" data-element_type=\"section\" data-e-type=\"section\">\n\t\t\t\t\t\t<div class=\"elementor-container elementor-column-gap-default\">\n\t\t\t\t\t<div class=\"elementor-column elementor-col-100 elementor-top-column elementor-element elementor-element-0bc3885 exad-glass-effect-no exad-sticky-section-no\" data-id=\"0bc3885\" data-element_type=\"column\" data-e-type=\"column\">\n\t\t\t<div class=\"elementor-widget-wrap elementor-element-populated\">\n\t\t\t\t\t\t<div class=\"elementor-element elementor-element-5d5fcb7 exad-sticky-section-no exad-glass-effect-no elementor-widget elementor-widget-heading\" data-id=\"5d5fcb7\" data-element_type=\"widget\" data-e-type=\"widget\" data-widget_type=\"heading.default\">\n\t\t\t\t<div class=\"elementor-widget-container\">\n\t\t\t\t\t<h2 class=\"elementor-heading-title elementor-size-default\">\u010co v\u0161etko m\u00f4\u017eete \u017eiada\u0165 preplati\u0165 pri tot\u00e1lnej \u0161kode?<\/h2>\t\t\t\t<\/div>\n\t\t\t\t<\/div>\n\t\t\t\t\t<\/div>\n\t\t<\/div>\n\t\t\t\t\t<\/div>\n\t\t<\/section>\n\t\t\t\t<section class=\"elementor-section elementor-top-section elementor-element elementor-element-8b81b2b elementor-section-boxed elementor-section-height-default elementor-section-height-default exad-glass-effect-no exad-sticky-section-no\" data-id=\"8b81b2b\" data-element_type=\"section\" data-e-type=\"section\">\n\t\t\t\t\t\t<div class=\"elementor-container elementor-column-gap-default\">\n\t\t\t\t\t<div class=\"elementor-column elementor-col-100 elementor-top-column elementor-element elementor-element-21c8cfa exad-glass-effect-no exad-sticky-section-no\" data-id=\"21c8cfa\" data-element_type=\"column\" data-e-type=\"column\">\n\t\t\t<div class=\"elementor-widget-wrap elementor-element-populated\">\n\t\t\t\t\t\t<div class=\"elementor-element elementor-element-8c2e991 exad-sticky-section-no exad-glass-effect-no elementor-widget elementor-widget-text-editor\" data-id=\"8c2e991\" data-element_type=\"widget\" data-e-type=\"widget\" data-widget_type=\"text-editor.default\">\n\t\t\t\t<div class=\"elementor-widget-container\">\n\t\t\t\t\t\t\t\t\t<p>V\u00e4\u010d\u0161ina z po\u0161koden\u00fdch os\u00f4b ani len netu\u0161\u00ed, ak\u00e9 v\u0161etky n\u00e1roky m\u00e1 proti pois\u0165ovni pri tot\u00e1lnej \u0161kode, teda \u010do v\u0161etko je pois\u0165ov\u0148a povinn\u00e1 preplati\u0165. Va\u0161e n\u00e1roky proti pois\u0165ovni <strong>nie s\u00fa len vyplatenie hodnoty vozidla<\/strong> za \u00fa\u010delom mo\u017enosti zak\u00fapenia si obdobn\u00e9ho vozidla, od\u0165ah vozidla a\u00a0pod.<\/p>\t\t\t\t\t\t\t\t<\/div>\n\t\t\t\t<\/div>\n\t\t\t\t<div class=\"elementor-element elementor-element-b1a9ef0 exad-sticky-section-no exad-glass-effect-no elementor-widget elementor-widget-heading\" data-id=\"b1a9ef0\" data-element_type=\"widget\" data-e-type=\"widget\" data-widget_type=\"heading.default\">\n\t\t\t\t<div class=\"elementor-widget-container\">\n\t\t\t\t\t<h3 class=\"elementor-heading-title elementor-size-default\">Va\u0161e n\u00e1roky na preplatenie s\u00fa:<\/h3>\t\t\t\t<\/div>\n\t\t\t\t<\/div>\n\t\t\t\t<div class=\"elementor-element elementor-element-372b22d exad-sticky-section-no exad-glass-effect-no elementor-widget elementor-widget-text-editor\" data-id=\"372b22d\" data-element_type=\"widget\" data-e-type=\"widget\" data-widget_type=\"text-editor.default\">\n\t\t\t\t<div class=\"elementor-widget-container\">\n\t\t\t\t\t\t\t\t\t<ul><li>alikvotnej (nevyu\u017eitej) \u010dasti <strong>dia\u013eni\u010dn\u00fdch zn\u00e1mok<\/strong> (nie len SR),<\/li><li>nespotrebovan\u00e9 <strong>poistn\u00e9 na PZP<\/strong> alebo na havarijnom poisten\u00ed,<\/li><li><strong>Spolu\u00fa\u010das\u0165<\/strong> odpo\u010d\u00edtan\u00e1 z\u00a0poistn\u00e9ho plnenia (pri uplat\u0148ovan\u00ed z\u00a0havarijn\u00e9ho poistenia)<\/li><li><strong>parkovacie karty<\/strong> vydan\u00e9 na vozidlo (reziden\u010dn\u00e9 parkovanie, parkovanie pre invalidov at\u010f.),<\/li><li>pri podnikate\u013eoch napr. <strong>da\u0148 z\u00a0motorov\u00fdch vozidiel<\/strong>,<\/li><li>natankovan\u00e9 <strong>PHM<\/strong> vo vozidle<\/li><li>poplatok za <strong>emisn\u00e9 povolenky<\/strong> (najm\u00e4 ak ste s\u00a0vozidlom chodili do zahrani\u010dia)<\/li><li>Poplatky za <strong>zabezpe\u010denie vozidla<\/strong> (napr. GPS monitoring)<\/li><li>Pri elektromobiloch napr. predplatn\u00e9 <strong>karty na dob\u00edjanie<\/strong><\/li><li><strong>Tankovacie karty<\/strong> a\u00a0pod.<\/li><\/ul><p>Okrem vy\u0161\u0161ie uveden\u00fdch polo\u017eiek, m\u00e1te n\u00e1rok aj na zaplatenie tzv. <strong>obstar\u00e1vac\u00edch n\u00e1kladov<\/strong> na nov\u00e9 vozidlo (resp. ojazden\u00e9 vozidlo).<\/p>\t\t\t\t\t\t\t\t<\/div>\n\t\t\t\t<\/div>\n\t\t\t\t<div class=\"elementor-element elementor-element-c4a14df exad-sticky-section-no exad-glass-effect-no elementor-widget elementor-widget-heading\" data-id=\"c4a14df\" data-element_type=\"widget\" data-e-type=\"widget\" data-widget_type=\"heading.default\">\n\t\t\t\t<div class=\"elementor-widget-container\">\n\t\t\t\t\t<h4 class=\"elementor-heading-title elementor-size-default\">Obstar\u00e1vac\u00edmi n\u00e1kladmi s\u00fa najm\u00e4:<\/h4>\t\t\t\t<\/div>\n\t\t\t\t<\/div>\n\t\t\t\t<div class=\"elementor-element elementor-element-9d49ab6 exad-sticky-section-no exad-glass-effect-no elementor-widget elementor-widget-text-editor\" data-id=\"9d49ab6\" data-element_type=\"widget\" data-e-type=\"widget\" data-widget_type=\"text-editor.default\">\n\t\t\t\t<div class=\"elementor-widget-container\">\n\t\t\t\t\t\t\t\t\t<ul>\n \t<li>Poplatok na dopravnom in\u0161pektor\u00e1te za <strong>vydanie eviden\u010dn\u00fdch \u010d\u00edsel<\/strong><\/li>\n \t<li><strong>Ekologick\u00fd poplatok<\/strong> (poplatok vypo\u010d\u00edtan\u00fd na z\u00e1klade emisnej normy a\u00a0v\u00fdkonu motora)<\/li>\n \t<li><strong>Dovoz vozidla<\/strong> zo zahrani\u010dia (doprava, prihl\u00e1senie vozidla na ODI a\u00a0pod.)<\/li>\n<\/ul>\nSamozrejme aj tu plat\u00ed, \u017ee individu\u00e1lne s\u00a0na\u0161imi klientami prech\u00e1dzame cel\u00fa poistn\u00fa udalos\u0165 v\u010faka \u010domu dok\u00e1\u017eeme vym\u00f4c\u0165 od pois\u0165ovne v\u0161etky n\u00e1roky, ktor\u00e9 v\u00e1m pr\u00e1vom patria. Z\u00a0praxe vieme, \u017ee tak\u00e9to n\u00e1roky m\u00f4\u017eu dosahova\u0165 <strong>v\u00a0niektor\u00fdch pr\u00edpadoch aj tis\u00edc eur.<\/strong> <br><br>Nedopl\u00e1cajte na \u0161kodu, ktor\u00fa v\u00e1m niekto in\u00fd sp\u00f4sobil. <strong>Povedzte n\u00e1m o\u00a0svojom pr\u00edpade<\/strong> a\u00a0vym\u00f4\u017eeme aj pre v\u00e1s doplatok poistn\u00e9ho plnenia.\t\t\t\t\t\t\t\t<\/div>\n\t\t\t\t<\/div>\n\t\t\t\t<div class=\"elementor-element elementor-element-b167bfe exad-sticky-section-no exad-glass-effect-no elementor-widget elementor-widget-heading\" data-id=\"b167bfe\" data-element_type=\"widget\" data-e-type=\"widget\" data-widget_type=\"heading.default\">\n\t\t\t\t<div class=\"elementor-widget-container\">\n\t\t\t\t\t<h3 class=\"elementor-heading-title elementor-size-default\">Kedy je mo\u017en\u00e9 vym\u00e1ha\u0165 doplatok poistn\u00e9ho plnenia za tieto polo\u017eky?<\/h3>\t\t\t\t<\/div>\n\t\t\t\t<\/div>\n\t\t\t\t<div class=\"elementor-element elementor-element-144a720 exad-sticky-section-no exad-glass-effect-no elementor-widget elementor-widget-text-editor\" data-id=\"144a720\" data-element_type=\"widget\" data-e-type=\"widget\" data-widget_type=\"text-editor.default\">\n\t\t\t\t<div class=\"elementor-widget-container\">\n\t\t\t\t\t\t\t\t\t<p>\u00a0V\u00a0z\u00e1sade <strong>neexistuje \u017eiadne obmedzenie<\/strong>, vy\u0161\u0161ie uveden\u00e9 n\u00e1roky vieme pre v\u00e1s vym\u00f4c\u0165 aj ke\u010f u\u017e:<\/p><ul><li>v\u00e1m pois\u0165ov\u0148a zaslala ozn\u00e1menie, \u017ee \u0161kodu bude likvidova\u0165 ako tot\u00e1lnu \u0161kodu<\/li><li>v\u00e1m pois\u0165ov\u0148a ukon\u010dila likvid\u00e1ciu poistnej udalosti, pr\u00edpadne vyplatila poistn\u00e9 plnenie<\/li><li>ste predali havarovan\u00e9 vozidlo<\/li><li>pois\u0165ov\u0148a v\u00e1m zaslala ozn\u00e1menie, \u017ee z\u00a0ich poh\u013eadu pova\u017euj\u00fa poistn\u00fa udalos\u0165 za vysporiadan\u00fa<\/li><\/ul><p>Jedinou podmienkou je, aby <strong>poistn\u00e1 udalos\u0165 nevznikla pred viac ako 2 roky<\/strong> dozadu.<\/p><p>M\u00e1me \u201ep\u00e1ky\u201c na to, aby pois\u0165ov\u0148a op\u00e4\u0165 poistn\u00fa udalos\u0165 otvorila a\u00a0doplatila aj tak\u00e9to n\u00e1roky.<\/p>\t\t\t\t\t\t\t\t<\/div>\n\t\t\t\t<\/div>\n\t\t\t\t<div class=\"elementor-element elementor-element-f861a0e exad-sticky-section-no exad-glass-effect-no elementor-widget elementor-widget-heading\" data-id=\"f861a0e\" data-element_type=\"widget\" data-e-type=\"widget\" data-widget_type=\"heading.default\">\n\t\t\t\t<div class=\"elementor-widget-container\">\n\t\t\t\t\t<h3 class=\"elementor-heading-title elementor-size-default\">Ko\u013eko v\u00e1s to bude st\u00e1\u0165?<\/h3>\t\t\t\t<\/div>\n\t\t\t\t<\/div>\n\t\t\t\t<div class=\"elementor-element elementor-element-b4d55f8 exad-sticky-section-no exad-glass-effect-no elementor-widget elementor-widget-text-editor\" data-id=\"b4d55f8\" data-element_type=\"widget\" data-e-type=\"widget\" data-widget_type=\"text-editor.default\">\n\t\t\t\t<div class=\"elementor-widget-container\">\n\t\t\t\t\t\t\t\t\t<p>Na\u0161a <strong>odmena je percentu\u00e1lna<\/strong> z\u00a0vymo\u017een\u00e9ho poistn\u00e9ho plnenia. To znamen\u00e1, \u017ee <strong>neplat\u00edte za pos\u00fadenie pr\u00edpadu<\/strong> a neplat\u00edte <strong>\u017eiadne poplatky vopred<\/strong>. Ak sa n\u00e1m nepodar\u00ed vym\u00f4c\u0165 poistn\u00e9 plnenie, ni\u010d ani plati\u0165 nebudete.<\/p><h4>\u00a0<\/h4>\t\t\t\t\t\t\t\t<\/div>\n\t\t\t\t<\/div>\n\t\t\t\t<div class=\"elementor-element elementor-element-d4002dd exad-sticky-section-no exad-glass-effect-no elementor-widget elementor-widget-heading\" data-id=\"d4002dd\" data-element_type=\"widget\" data-e-type=\"widget\" data-widget_type=\"heading.default\">\n\t\t\t\t<div class=\"elementor-widget-container\">\n\t\t\t\t\t<h3 class=\"elementor-heading-title elementor-size-default\">\u010co je potrebn\u00e9 pre to urobi\u0165?<\/h3>\t\t\t\t<\/div>\n\t\t\t\t<\/div>\n\t\t\t\t<div class=\"elementor-element elementor-element-4676122 exad-sticky-section-no exad-glass-effect-no elementor-widget elementor-widget-text-editor\" data-id=\"4676122\" data-element_type=\"widget\" data-e-type=\"widget\" data-widget_type=\"text-editor.default\">\n\t\t\t\t<div class=\"elementor-widget-container\">\n\t\t\t\t\t\t\t\t\t<p>Kontaktujte n\u00e1s bu\u010f telefonicky alebo cez kontaktn\u00fd formul\u00e1r a\u00a0e\u0161te dnes si s\u00a0vami prejdeme va\u0161u poistn\u00fa udalos\u0165 a\u00a0vypo\u010d\u00edtame v\u00e1m, na ak\u00fd doplatok poistn\u00e9ho plnenia pri tot\u00e1lnej \u0161kode m\u00e1te n\u00e1rok.<\/p>\t\t\t\t\t\t\t\t<\/div>\n\t\t\t\t<\/div>\n\t\t\t\t<div class=\"elementor-element elementor-element-4236ae5 exad-sticky-section-no exad-glass-effect-no elementor-widget elementor-widget-text-editor\" data-id=\"4236ae5\" data-element_type=\"widget\" data-e-type=\"widget\" data-widget_type=\"text-editor.default\">\n\t\t\t\t<div class=\"elementor-widget-container\">\n\t\t\t\t\t\t\t\t\t<p style=\"padding-left: 40px;\">\u00a0<\/p><p style=\"padding-left: 40px;\">\u00a0<\/p>\t\t\t\t\t\t\t\t<\/div>\n\t\t\t\t<\/div>\n\t\t\t\t<div class=\"elementor-element elementor-element-a85c39a exad-sticky-section-no exad-glass-effect-no elementor-widget elementor-widget-shortcode\" data-id=\"a85c39a\" data-element_type=\"widget\" data-e-type=\"widget\" data-widget_type=\"shortcode.default\">\n\t\t\t\t<div class=\"elementor-widget-container\">\n\t\t\t\t\t\t\t<div class=\"elementor-shortcode\">\t\t<div data-elementor-type=\"wp-post\" data-elementor-id=\"5011\" class=\"elementor elementor-5011\">\n\t\t\t\t\t\t<section class=\"elementor-section elementor-top-section elementor-element elementor-element-018ed09 elementor-section-boxed elementor-section-height-default elementor-section-height-default exad-glass-effect-no exad-sticky-section-no\" data-id=\"018ed09\" data-element_type=\"section\" data-e-type=\"section\">\n\t\t\t\t\t\t<div class=\"elementor-container elementor-column-gap-default\">\n\t\t\t\t\t<div class=\"elementor-column elementor-col-100 elementor-top-column elementor-element elementor-element-60c2c5e exad-glass-effect-no exad-sticky-section-no\" data-id=\"60c2c5e\" data-element_type=\"column\" data-e-type=\"column\">\n\t\t\t<div class=\"elementor-widget-wrap elementor-element-populated\">\n\t\t\t\t\t\t<div class=\"elementor-element elementor-element-2cfbbcd exad-sticky-section-no exad-glass-effect-no elementor-widget elementor-widget-heading\" data-id=\"2cfbbcd\" data-element_type=\"widget\" data-e-type=\"widget\" data-widget_type=\"heading.default\">\n\t\t\t\t<div class=\"elementor-widget-container\">\n\t\t\t\t\t<h2 class=\"elementor-heading-title elementor-size-default\">Kontaktujte n\u00e1s<\/h2>\t\t\t\t<\/div>\n\t\t\t\t<\/div>\n\t\t\t\t\t<\/div>\n\t\t<\/div>\n\t\t\t\t\t<\/div>\n\t\t<\/section>\n\t\t\t\t<section class=\"elementor-section elementor-top-section elementor-element elementor-element-c0cebe9 elementor-section-boxed elementor-section-height-default elementor-section-height-default exad-glass-effect-no exad-sticky-section-no\" data-id=\"c0cebe9\" data-element_type=\"section\" data-e-type=\"section\">\n\t\t\t\t\t\t<div class=\"elementor-container elementor-column-gap-default\">\n\t\t\t\t\t<div class=\"elementor-column elementor-col-50 elementor-top-column elementor-element elementor-element-7dc9406 exad-glass-effect-no exad-sticky-section-no\" data-id=\"7dc9406\" data-element_type=\"column\" data-e-type=\"column\">\n\t\t\t<div class=\"elementor-widget-wrap elementor-element-populated\">\n\t\t\t\t\t\t<div class=\"elementor-element elementor-element-0793e61 elementor-view-default elementor-position-block-start elementor-mobile-position-block-start exad-sticky-section-no exad-glass-effect-no elementor-widget elementor-widget-icon-box\" data-id=\"0793e61\" data-element_type=\"widget\" data-e-type=\"widget\" data-widget_type=\"icon-box.default\">\n\t\t\t\t<div class=\"elementor-widget-container\">\n\t\t\t\t\t\t\t<div class=\"elementor-icon-box-wrapper\">\n\n\t\t\t\t\t\t<div class=\"elementor-icon-box-icon\">\n\t\t\t\t<span  class=\"elementor-icon\">\n\t\t\t\t<i aria-hidden=\"true\" class=\"icon icon-phone-call\"><\/i>\t\t\t\t<\/span>\n\t\t\t<\/div>\n\t\t\t\n\t\t\t\t\t\t<div class=\"elementor-icon-box-content\">\n\n\t\t\t\t\t\t\t\t\t<h3 class=\"elementor-icon-box-title\">\n\t\t\t\t\t\t<span  >\n\t\t\t\t\t\t\tTelefonicky\t\t\t\t\t\t<\/span>\n\t\t\t\t\t<\/h3>\n\t\t\t\t\n\t\t\t\t\t\t\t\t\t<p class=\"elementor-icon-box-description\">\n\t\t\t\t\t\tObjedn\u00e1vky do servisu, konzult\u00e1cie poistn\u00fdch udalost\u00ed, n\u00e1hradn\u00e9 vozidl\u00e1, od\u0165ahy, parkovn\u00e9 vozidla alebo in\u00fa po\u017eiadavku vybavte s nami telefonicky. Sme v\u00e1m s dispoz\u00edcii ka\u017ed\u00fd pracovn\u00fd de\u0148 medzi 9:00 hod. - 17:00 hod. na tel. \u010d\u00edsle +421 948 87 87 17\t\t\t\t\t<\/p>\n\t\t\t\t\n\t\t\t<\/div>\n\t\t\t\n\t\t<\/div>\n\t\t\t\t\t\t<\/div>\n\t\t\t\t<\/div>\n\t\t\t\t<div class=\"elementor-element elementor-element-40b2e4d elementor-align-center elementor-widget__width-inherit elementor-mobile-align-center elementor-widget-mobile__width-initial elementor-widget-tablet__width-initial exad-sticky-section-no exad-glass-effect-no elementor-widget elementor-widget-button\" data-id=\"40b2e4d\" data-element_type=\"widget\" data-e-type=\"widget\" data-widget_type=\"button.default\">\n\t\t\t\t<div class=\"elementor-widget-container\">\n\t\t\t\t\t\t\t\t\t<div class=\"elementor-button-wrapper\">\n\t\t\t\t\t<a class=\"elementor-button elementor-button-link elementor-size-md elementor-animation-shrink\" href=\"tel:%2B421%20948%2087%2087%2017\">\n\t\t\t\t\t\t<span class=\"elementor-button-content-wrapper\">\n\t\t\t\t\t\t<span class=\"elementor-button-icon\">\n\t\t\t\t<i aria-hidden=\"true\" class=\"icon icon-phone-call\"><\/i>\t\t\t<\/span>\n\t\t\t\t\t\t\t\t\t<span class=\"elementor-button-text\">Zavola\u0165<\/span>\n\t\t\t\t\t<\/span>\n\t\t\t\t\t<\/a>\n\t\t\t\t<\/div>\n\t\t\t\t\t\t\t\t<\/div>\n\t\t\t\t<\/div>\n\t\t\t\t<div class=\"elementor-element elementor-element-cf64b96 exad-sticky-section-no exad-glass-effect-no elementor-widget elementor-widget-text-editor\" data-id=\"cf64b96\" data-element_type=\"widget\" data-e-type=\"widget\" data-widget_type=\"text-editor.default\">\n\t\t\t\t<div class=\"elementor-widget-container\">\n\t\t\t\t\t\t\t\t\t<p style=\"text-align: center;\">pr\u00edpadne n\u00e1m zanechajte svoje \u010d\u00edslo a budeme v\u00e1s v priebehu d\u0148a kontaktova\u0165 my.<\/p>\t\t\t\t\t\t\t\t<\/div>\n\t\t\t\t<\/div>\n\t\t\t\t<div class=\"elementor-element elementor-element-ccfda0a exad-sticky-section-no exad-glass-effect-no elementor-widget elementor-widget-shortcode\" data-id=\"ccfda0a\" data-element_type=\"widget\" data-e-type=\"widget\" data-widget_type=\"shortcode.default\">\n\t\t\t\t<div class=\"elementor-widget-container\">\n\t\t\t\t\t\t\t<div class=\"elementor-shortcode\"><div class=\"forminator-ui forminator-custom-form forminator-custom-form-6152 forminator-design--material  forminator_ajax\" data-forminator-render=\"0\" data-form=\"forminator-module-6152\" data-uid=\"69f1f31cb611c\"><br\/><\/div><form\n\t\t\t\tid=\"forminator-module-6152\"\n\t\t\t\tclass=\"forminator-ui forminator-custom-form forminator-custom-form-6152 forminator-design--material  forminator_ajax\"\n\t\t\t\tmethod=\"post\"\n\t\t\t\tdata-forminator-render=\"0\"\n\t\t\t\tdata-form-id=\"6152\"\n\t\t\t\t data-color-option=\"default\" data-design=\"material\" data-grid=\"open\" style=\"display: none;\"\n\t\t\t\tdata-uid=\"69f1f31cb611c\" action=\"\"\n\t\t\t><div role=\"alert\" aria-live=\"polite\" class=\"forminator-response-message forminator-error\" aria-hidden=\"true\"><\/div><div class=\"forminator-row\"><div id=\"phone-1\" class=\"forminator-field-phone forminator-col forminator-col-12\"><div class=\"forminator-field\"><label for=\"forminator-field-phone-1_69f1f31cb611c\" id=\"forminator-field-phone-1_69f1f31cb611c-label\" class=\"forminator-label\">Va\u0161e \u010d\u00edslo <span class=\"forminator-required\">*<\/span><\/label><input type=\"text\" name=\"phone-1\" value=\"\" placeholder=\"\" id=\"forminator-field-phone-1_69f1f31cb611c\" class=\"forminator-input forminator-field--phone\" data-required=\"1\" aria-required=\"true\" autocomplete=\"off\" \/><\/div><\/div><\/div><input type=\"hidden\" name=\"referer_url\" value=\"\" \/><div class=\"forminator-row forminator-row-last\"><div class=\"forminator-col\"><div class=\"forminator-field\"><button class=\"forminator-button forminator-button-submit\"><span>Odosla\u0165 po\u017eiadavku<\/span><span aria-hidden=\"true\"><\/span><\/button><\/div><\/div><\/div><input type=\"hidden\" id=\"forminator_nonce\" name=\"forminator_nonce\" value=\"5117de49ac\" \/><input type=\"hidden\" name=\"_wp_http_referer\" value=\"\/en\/wp-json\/wp\/v2\/pages\/5555\" \/><input type=\"hidden\" name=\"form_id\" value=\"6152\"><input type=\"hidden\" name=\"page_id\" value=\"5555\"><input type=\"hidden\" name=\"form_type\" value=\"default\"><input type=\"hidden\" name=\"current_url\" value=\"https:\/\/aider.sk\/en\/co-vsetko-mozete-ziadat-preplatit-pri-totalnej-skode\/\"><input type=\"hidden\" name=\"render_id\" value=\"0\"><input type=\"hidden\" name=\"action\" value=\"forminator_submit_form_custom-forms\"><input type=\"hidden\" name=\"trp-form-language\" value=\"en\"\/><\/form><\/div>\n\t\t\t\t\t\t<\/div>\n\t\t\t\t<\/div>\n\t\t\t\t\t<\/div>\n\t\t<\/div>\n\t\t\t\t<div class=\"elementor-column elementor-col-50 elementor-top-column elementor-element elementor-element-df0e680 exad-glass-effect-no exad-sticky-section-no\" data-id=\"df0e680\" data-element_type=\"column\" data-e-type=\"column\">\n\t\t\t<div class=\"elementor-widget-wrap elementor-element-populated\">\n\t\t\t\t\t\t<div class=\"elementor-element elementor-element-ed79181 elementor-view-default elementor-position-block-start elementor-mobile-position-block-start exad-sticky-section-no exad-glass-effect-no elementor-widget elementor-widget-icon-box\" data-id=\"ed79181\" data-element_type=\"widget\" data-e-type=\"widget\" data-widget_type=\"icon-box.default\">\n\t\t\t\t<div class=\"elementor-widget-container\">\n\t\t\t\t\t\t\t<div class=\"elementor-icon-box-wrapper\">\n\n\t\t\t\t\t\t<div class=\"elementor-icon-box-icon\">\n\t\t\t\t<span  class=\"elementor-icon\">\n\t\t\t\t<i aria-hidden=\"true\" class=\"icon icon-email\"><\/i>\t\t\t\t<\/span>\n\t\t\t<\/div>\n\t\t\t\n\t\t\t\t\t\t<div class=\"elementor-icon-box-content\">\n\n\t\t\t\t\t\t\t\t\t<h3 class=\"elementor-icon-box-title\">\n\t\t\t\t\t\t<span  >\n\t\t\t\t\t\t\tKontaktn\u00fd formul\u00e1r\t\t\t\t\t\t<\/span>\n\t\t\t\t\t<\/h3>\n\t\t\t\t\n\t\t\t\t\t\t\t\t\t<p class=\"elementor-icon-box-description\">\n\t\t\t\t\t\tUprednost\u0148ujete p\u00edsomn\u00fa formu? Vypl\u0148te formul\u00e1r a e\u0161te v priebehu dne\u0161n\u00e9ho d\u0148a dostanete od n\u00e1s odpove\u010f.\t\t\t\t\t<\/p>\n\t\t\t\t\n\t\t\t<\/div>\n\t\t\t\n\t\t<\/div>\n\t\t\t\t\t\t<\/div>\n\t\t\t\t<\/div>\n\t\t\t\t<div class=\"elementor-element elementor-element-9c3fc32 exad-sticky-section-no exad-glass-effect-no elementor-widget elementor-widget-shortcode\" data-id=\"9c3fc32\" data-element_type=\"widget\" data-e-type=\"widget\" data-widget_type=\"shortcode.default\">\n\t\t\t\t<div class=\"elementor-widget-container\">\n\t\t\t\t\t\t\t<div class=\"elementor-shortcode\"><form id=\"forminator-module-3353\" class=\"forminator-custom-form forminator-custom-form-3353\" method=\"post\" data-forminator-render=\"0\" data-uid=\"69f1f31cba14d\" action=\"\"><div role=\"alert\" aria-live=\"polite\" class=\"forminator-response-message forminator-error\" aria-hidden=\"true\"><\/div><input type=\"hidden\" name=\"trp-form-language\" value=\"en\"\/><\/form><\/div>\n\t\t\t\t\t\t<\/div>\n\t\t\t\t<\/div>\n\t\t\t\t\t<\/div>\n\t\t<\/div>\n\t\t\t\t\t<\/div>\n\t\t<\/section>\n\t\t\t\t<\/div>\n\t\t<\/div>\n\t\t\t\t\t\t<\/div>\n\t\t\t\t<\/div>\n\t\t\t\t\t<\/div>\n\t\t<\/div>\n\t\t\t\t\t<\/div>\n\t\t<\/section>\n\t\t\t\t<\/div>","protected":false},"excerpt":{"rendered":"<p>\u010co v\u0161etko m\u00f4\u017eete \u017eiada\u0165 preplati\u0165 pri tot\u00e1lnej \u0161kode? V\u00e4\u010d\u0161ina z po\u0161koden\u00fdch os\u00f4b ani len netu\u0161\u00ed, ak\u00e9 v\u0161etky n\u00e1roky m\u00e1 proti pois\u0165ovni pri tot\u00e1lnej \u0161kode, teda \u010do v\u0161etko je pois\u0165ov\u0148a povinn\u00e1 preplati\u0165. Va\u0161e n\u00e1roky proti pois\u0165ovni nie s\u00fa len vyplatenie hodnoty vozidla za \u00fa\u010delom mo\u017enosti zak\u00fapenia si obdobn\u00e9ho vozidla, od\u0165ah vozidla a\u00a0pod. Va\u0161e n\u00e1roky na preplatenie [&hellip;]<\/p>","protected":false},"author":1,"featured_media":0,"parent":0,"menu_order":0,"comment_status":"closed","ping_status":"closed","template":"","meta":{"_eb_attr":"","site-sidebar-layout":"no-sidebar","site-content-layout":"page-builder","ast-site-content-layout":"full-width-container","site-content-style":"default","site-sidebar-style":"default","ast-global-header-display":"","ast-banner-title-visibility":"","ast-main-header-display":"","ast-hfb-above-header-display":"","ast-hfb-below-header-display":"","ast-hfb-mobile-header-display":"","site-post-title":"disabled","ast-breadcrumbs-content":"","ast-featured-img":"disabled","footer-sml-layout":"","theme-transparent-header-meta":"","adv-header-id-meta":"","stick-header-meta":"","header-above-stick-meta":"","header-main-stick-meta":"","header-below-stick-meta":"","astra-migrate-meta-layouts":"set","ast-page-background-enabled":"default","ast-page-background-meta":{"desktop":{"background-color":"var(--ast-global-color-4)","background-image":"","background-repeat":"repeat","background-position":"center center","background-size":"auto","background-attachment":"scroll","background-type":"","background-media":"","overlay-type":"","overlay-color":"","overlay-opacity":"","overlay-gradient":""},"tablet":{"background-color":"","background-image":"","background-repeat":"repeat","background-position":"center center","background-size":"auto","background-attachment":"scroll","background-type":"","background-media":"","overlay-type":"","overlay-color":"","overlay-opacity":"","overlay-gradient":""},"mobile":{"background-color":"","background-image":"","background-repeat":"repeat","background-position":"center center","background-size":"auto","background-attachment":"scroll","background-type":"","background-media":"","overlay-type":"","overlay-color":"","overlay-opacity":"","overlay-gradient":""}},"ast-content-background-meta":{"desktop":{"background-color":"var(--ast-global-color-5)","background-image":"","background-repeat":"repeat","background-position":"center center","background-size":"auto","background-attachment":"scroll","background-type":"","background-media":"","overlay-type":"","overlay-color":"","overlay-opacity":"","overlay-gradient":""},"tablet":{"background-color":"var(--ast-global-color-5)","background-image":"","background-repeat":"repeat","background-position":"center center","background-size":"auto","background-attachment":"scroll","background-type":"","background-media":"","overlay-type":"","overlay-color":"","overlay-opacity":"","overlay-gradient":""},"mobile":{"background-color":"var(--ast-global-color-5)","background-image":"","background-repeat":"repeat","background-position":"center center","background-size":"auto","background-attachment":"scroll","background-type":"","background-media":"","overlay-type":"","overlay-color":"","overlay-opacity":"","overlay-gradient":""}},"footnotes":""},"class_list":["post-5555","page","type-page","status-publish","hentry"],"_links":{"self":[{"href":"https:\/\/aider.sk\/en\/wp-json\/wp\/v2\/pages\/5555","targetHints":{"allow":["GET"]}}],"collection":[{"href":"https:\/\/aider.sk\/en\/wp-json\/wp\/v2\/pages"}],"about":[{"href":"https:\/\/aider.sk\/en\/wp-json\/wp\/v2\/types\/page"}],"author":[{"embeddable":true,"href":"https:\/\/aider.sk\/en\/wp-json\/wp\/v2\/users\/1"}],"replies":[{"embeddable":true,"href":"https:\/\/aider.sk\/en\/wp-json\/wp\/v2\/comments?post=5555"}],"version-history":[{"count":19,"href":"https:\/\/aider.sk\/en\/wp-json\/wp\/v2\/pages\/5555\/revisions"}],"predecessor-version":[{"id":5725,"href":"https:\/\/aider.sk\/en\/wp-json\/wp\/v2\/pages\/5555\/revisions\/5725"}],"wp:attachment":[{"href":"https:\/\/aider.sk\/en\/wp-json\/wp\/v2\/media?parent=5555"}],"curies":[{"name":"wp","href":"https:\/\/api.w.org\/{rel}","templated":true}]}}