{"id":4453,"date":"2024-09-17T14:30:58","date_gmt":"2024-09-17T12:30:58","guid":{"rendered":"https:\/\/aider.sk\/?page_id=4453"},"modified":"2024-09-17T14:38:16","modified_gmt":"2024-09-17T12:38:16","slug":"result-v2-2","status":"publish","type":"page","link":"https:\/\/aider.sk\/en\/result-v2-2\/","title":{"rendered":"result-v2-2"},"content":{"rendered":"<div data-elementor-type=\"wp-page\" data-elementor-id=\"4453\" class=\"elementor elementor-4453\">\n\t\t\t\t\t\t<section class=\"elementor-section elementor-top-section elementor-element elementor-element-a288cd8 elementor-section-boxed elementor-section-height-default elementor-section-height-default exad-glass-effect-no exad-sticky-section-no\" data-id=\"a288cd8\" data-element_type=\"section\" data-e-type=\"section\">\n\t\t\t\t\t\t<div class=\"elementor-container elementor-column-gap-default\">\n\t\t\t\t\t<div class=\"elementor-column elementor-col-50 elementor-top-column elementor-element elementor-element-ad22dc9 exad-glass-effect-no exad-sticky-section-no\" data-id=\"ad22dc9\" data-element_type=\"column\" data-e-type=\"column\">\n\t\t\t<div class=\"elementor-widget-wrap elementor-element-populated\">\n\t\t\t\t\t\t<div class=\"elementor-element elementor-element-d6dd172 exad-sticky-section-no exad-glass-effect-no elementor-widget elementor-widget-heading\" data-id=\"d6dd172\" data-element_type=\"widget\" data-e-type=\"widget\" data-widget_type=\"heading.default\">\n\t\t\t\t<div class=\"elementor-widget-container\">\n\t\t\t\t\t<h2 class=\"elementor-heading-title elementor-size-default\">Na\u0161e slu\u017eby a rie\u0161enia<\/h2>\t\t\t\t<\/div>\n\t\t\t\t<\/div>\n\t\t\t\t<div class=\"elementor-element elementor-element-2653367 exad-sticky-section-no exad-glass-effect-no elementor-widget elementor-widget-shortcode\" data-id=\"2653367\" data-element_type=\"widget\" data-e-type=\"widget\" data-widget_type=\"shortcode.default\">\n\t\t\t\t<div class=\"elementor-widget-container\">\n\t\t\t\t\t\t\t<div class=\"elementor-shortcode\">\t\t<div data-elementor-type=\"wp-post\" data-elementor-id=\"4188\" class=\"elementor elementor-4188\">\n\t\t\t\t\t\t<section class=\"elementor-section elementor-top-section elementor-element elementor-element-bf95600 elementor-section-boxed elementor-section-height-default elementor-section-height-default exad-glass-effect-no exad-sticky-section-no\" data-id=\"bf95600\" data-element_type=\"section\" data-e-type=\"section\">\n\t\t\t\t\t\t<div class=\"elementor-container elementor-column-gap-default\">\n\t\t\t\t\t<div class=\"elementor-column elementor-col-100 elementor-top-column elementor-element elementor-element-69a0d68 exad-glass-effect-no exad-sticky-section-no\" data-id=\"69a0d68\" data-element_type=\"column\" data-e-type=\"column\">\n\t\t\t<div class=\"elementor-widget-wrap elementor-element-populated\">\n\t\t\t\t\t\t<div class=\"elementor-element elementor-element-9c55531 exad-sticky-section-no exad-glass-effect-no elementor-widget elementor-widget-bdt-accordion\" data-id=\"9c55531\" data-element_type=\"widget\" data-e-type=\"widget\" data-widget_type=\"bdt-accordion.default\">\n\t\t\t\t<div class=\"elementor-widget-container\">\n\t\t\t\t\t\t\t<div class=\"bdt-ep-accordion-container\">\n\t\t\t<div id=\"bdt-ep-accordion-9c55531\" class=\"bdt-ep-accordion bdt-accordion\" data-bdt-accordion=\"{&quot;collapsible&quot;:true,&quot;multiple&quot;:false,&quot;transition&quot;:&quot;ease-in-out&quot;}\" \t\tdata-settings=\"{&quot;id&quot;:&quot;bdt-ep-accordion-9c55531&quot;,&quot;activeHash&quot;:&quot;no&quot;,&quot;activeScrollspy&quot;:null,&quot;hashTopOffset&quot;:false,&quot;hashScrollspyTime&quot;:false,&quot;closeAllItemsOnMobile&quot;:false}\">\n\t\t\t\t\t\t\t\t\t<div class=\"bdt-ep-accordion-item\">\n\t\t\t\t\t\t<div\t\t\t\t\t\t\tclass=\"bdt-ep-accordion-title bdt-accordion-title bdt-flex bdt-flex-middle bdt-flex-between\" id=\"bdt-ep-accordion-oprava-vozidla-pri-totlnej-kode\"\n\t\t\t\t\t\t\tdata-accordion-index=\"0\" data-title=\"oprava-vozidla-pri-tot-lnej-kode\">\n\n\t\t\t\t\t\t\t\t\t\t\t\t\t\t\t<span class=\"bdt-ep-accordion-icon bdt-flex-align-right\"\n\t\t\t\t\t\t\t\t\taria-hidden=\"true\">\n\n\t\t\t\t\t\t\t\t\t\t\t\t\t\t\t\t\t\t\t<span class=\"bdt-ep-accordion-icon-closed\">\n\t\t\t\t\t\t\t\t\t\t\t<i aria-hidden=\"true\" class=\"fa-fw fas fa-plus\"><\/i>\t\t\t\t\t\t\t\t\t\t<\/span>\n\t\t\t\t\t\t\t\t\t\n\t\t\t\t\t\t\t\t\t\t\t\t\t\t\t\t\t\t\t<span class=\"bdt-ep-accordion-icon-opened\">\n\t\t\t\t\t\t\t\t\t\t\t<i aria-hidden=\"true\" class=\"fa-fw fas fa-minus\"><\/i>\t\t\t\t\t\t\t\t\t\t<\/span>\n\t\t\t\t\t\t\t\t\t\n\t\t\t\t\t\t\t\t<\/span>\n\t\t\t\t\t\t\t\n\t\t\t\t\t\t\t<span role=\"heading\" class=\"bdt-ep-title-text bdt-flex-inline bdt-flex-middle\" >\n\n\t\t\t\t\t\t\t\t\t\t\t\t\t\t\t\tOprava vozidla pri tot\u00e1lnej \u0161kode\t\t\t\t\t\t\t<\/span>\n\n\t\t\t\t\t\t<\/div>\n\t\t\t\t\t\t<div class=\"bdt-ep-accordion-content bdt-accordion-content\">\n\t\t\t\t\t\t\t<p>Ozna\u010dila va\u0161e vozidlo pois\u0165ov\u0148a za tot\u00e1lne zni\u010den\u00e9, pritom sa d\u00e1 vozidlo opravi\u0165 alebo ho chcete zachr\u00e1ni\u0165? Pre pois\u0165ov\u0148u je v\u017edy ekonomicky v\u00fdhodnej\u0161ie likvidova\u0165 udalos\u0165 ako tot\u00e1lnu \u0161kodu, ale pre v\u00e1s to v\u00fdhodn\u00e9 \u010dastokr\u00e1t nie je. Aj tu plat\u00ed, \u017ee \u010do v\u00fdhodn\u00e9 pre pois\u0165ov\u0148u, nie je v\u00fdhodn\u00e9 pre v\u00e1s.<\/p><p>Nez\u00fafajte, dok\u00e1\u017eeme pom\u00f4c\u0165 aj v\u00e1m.<\/p><p>Va\u0161e vozidlo oprav\u00edme v\u00a0jednom z\u00a0na\u0161ich zmluvn\u00fdch servisov po Slovensku a\u00a0o\u00a0v\u0161etko ostatn\u00e9 sa u\u017e postar\u00e1me my. Vy si iba vyberte servis, ktor\u00fd je najbli\u017e\u0161ie k\u00a0v\u00e1m a\u00a0o\u00a0ni\u010d sa nemus\u00edte stara\u0165. N\u00e1klady na opravu si dorie\u0161ime s\u00a0pois\u0165ov\u0148ou u\u017e my. \u010ci u\u017e m\u00e1te v\u00e4\u010d\u0161ie po\u0161kodenia na vozidle (airbagy, cel\u00e1 predn\u00e1 \u010das\u0165, zadn\u00e1 \u010das\u0165, bo\u010dn\u00e1 \u010das\u0165 a\u00a0pod.) alebo men\u0161ie (estetick\u00e9 po\u0161kodenia), so v\u0161etk\u00fdm si porad\u00edme.<\/p><p><strong>Samozrejmos\u0165ou u\u00a0n\u00e1s je \u017ee:<\/strong><\/p><ul><li>po va\u0161e vozidlo po\u0161leme od\u0165ahov\u00fa slu\u017ebu (n\u00e1klady neplat\u00edte)<\/li><li>po\u010das opravy v\u00e1m po\u017ei\u010diame jedno z na\u0161ich n\u00e1hradn\u00fdch vozidiel, \u010d\u00edm zn\u00ed\u017eime dopad poistnej udalosti na v\u00e1\u0161 be\u017en\u00fd \u017eivot<\/li><li>cel\u00fa agendu s pois\u0165ov\u0148ou prevezmeme na seba a nemus\u00edte sa o ni\u010d stara\u0165<\/li><\/ul><p><strong>Na\u0161u pomoc m\u00f4\u017eete vyu\u017ei\u0165 aj v pr\u00edpade:<\/strong><\/p><ul><li>ke\u010f u\u017e bola vykonan\u00e1 obhliadka a technik pois\u0165ovne uviedol, \u017ee to bude tot\u00e1lna \u0161koda<\/li><li>u\u017e v\u00e1m bolo zaslan\u00e9 p\u00edsomn\u00e9 vyrozumenie, \u017ee pois\u0165ov\u0148a bude likvidova\u0165 poistn\u00fa udalos\u0165 ako tot\u00e1lnu \u0161kodu<\/li><li>ak u\u017e v\u00e1m vyplatili poistn\u00e9 plnenie za tot\u00e1lnu \u0161kodu<\/li><\/ul><p><strong>V\u00fdhody:<\/strong><\/p><ul><li>prevezmeme cel\u00fa agendu<\/li><li>neplat\u00edte ni\u010d za opravu<\/li><li>n\u00e1hradn\u00e9 vozidlo po\u010das celej doby opravy<\/li><li>od\u0165ah vozidla do servisu zabezpe\u010d\u00edme a zaplat\u00edme my<\/li><\/ul><p><strong>Kde budeme opravova\u0165 va\u0161e vozidlo?<\/strong><\/p><p><div class=\"map_wrapper\" id=\"map_wrapper_4436\">\n<div class=\"map_box\" style=\"max-width:2000px\">\n<div class=\"map_aspect_ratio\" style=\"padding-top:56%\" data-padding-top=\"56%\" data-padding-top-mobile=\"60%\">\n<div class=\"map_container\">\n<div class=\"map_render map_loading\" id=\"map_4436\"><\/div>\n<\/div>\n<\/div>\n<\/div>\n<\/div><\/p><p><strong>Vo v\u0161etk\u00fdch na\u0161ich zmluvn\u00fdch autoservisoch poskytujeme:<\/strong><br \/><!--<\/p>\n<div id=\"sprievodca-oprava-mobil-text\">\n<p>--><\/p><ul><li>Opravy karos\u00e9ri\u00ed<\/li><li>Lakovacie pr\u00e1ce<\/li><li>Opravy po tot\u00e1lnych \u0161kod\u00e1ch<\/li><li>Opravy po nehode<\/li><li>V\u00e4\u010d\u0161ie aj men\u0161ie opravy<\/li><\/ul><p><strong>Term\u00edn opravy:<\/strong> do 3 dn\u00ed<\/p><p><strong>Pois\u0165ovne:<\/strong> Allianz, Kooperativa, Komun\u00e1lna, Wustenrot, Uniqa, Union, \u010cSOB, Generali, Pillow<\/p><p>V t\u00fdchto servisoch vykon\u00e1me obhliadku pre pois\u0165ov\u0148u za v\u00e1s a \u00fahradu za opravu si rie\u0161ime s pois\u0165ov\u0148ou my.<\/p><p><strong>Objednanie na opravu po nehode:<\/strong> <a href=\"tel:%2B421 948 87 87 17\">+421 948 87 87 17<\/a><\/p><p>Nenechajte o\u00a0svojom majetku rozhodova\u0165 pois\u0165ov\u0148u. Nenechajte sa zastra\u0161ova\u0165 zo strany pois\u0165ovne, neverte v\u0161etk\u00e9mu, \u010do v\u00e1m v\u00a0pois\u0165ovni povedia. O\u00a0osude v\u00e1\u0161ho majetku rozhodnite vy. <a href=\"#kontakty\">Kontaktujte n\u00e1s<\/a> na tel. \u010d\u00edsle alebo <a href=\"#kontakty\">vypl\u0148te formul\u00e1r<\/a> a\u00a0o\u00a0va\u0161e havarovan\u00e9 vozidlo sa postar\u00e1me my.<\/p>\t\t\t\t\t\t<\/div>\n\t\t\t\t\t<\/div>\n\t\t\t\t\t\t\t<\/div>\n\t\t<\/div>\n\t\t\t\t\t\t<\/div>\n\t\t\t\t<\/div>\n\t\t\t\t\t<\/div>\n\t\t<\/div>\n\t\t\t\t\t<\/div>\n\t\t<\/section>\n\t\t\t\t<\/div>\n\t\t\n\t\t<div data-elementor-type=\"wp-post\" data-elementor-id=\"4191\" class=\"elementor elementor-4191\">\n\t\t\t\t\t\t<section class=\"elementor-section elementor-top-section elementor-element elementor-element-67cf6ec elementor-section-boxed elementor-section-height-default elementor-section-height-default exad-glass-effect-no exad-sticky-section-no\" data-id=\"67cf6ec\" data-element_type=\"section\" data-e-type=\"section\">\n\t\t\t\t\t\t<div class=\"elementor-container elementor-column-gap-default\">\n\t\t\t\t\t<div class=\"elementor-column elementor-col-100 elementor-top-column elementor-element elementor-element-45f669f exad-glass-effect-no exad-sticky-section-no\" data-id=\"45f669f\" data-element_type=\"column\" data-e-type=\"column\">\n\t\t\t<div class=\"elementor-widget-wrap elementor-element-populated\">\n\t\t\t\t\t\t<div class=\"elementor-element elementor-element-58524d2 exad-sticky-section-no exad-glass-effect-no elementor-widget elementor-widget-bdt-accordion\" data-id=\"58524d2\" data-element_type=\"widget\" data-e-type=\"widget\" data-widget_type=\"bdt-accordion.default\">\n\t\t\t\t<div class=\"elementor-widget-container\">\n\t\t\t\t\t\t\t<div class=\"bdt-ep-accordion-container\">\n\t\t\t<div id=\"bdt-ep-accordion-58524d2\" class=\"bdt-ep-accordion bdt-accordion\" data-bdt-accordion=\"{&quot;collapsible&quot;:true,&quot;multiple&quot;:false,&quot;transition&quot;:&quot;ease-in-out&quot;}\" \t\tdata-settings=\"{&quot;id&quot;:&quot;bdt-ep-accordion-58524d2&quot;,&quot;activeHash&quot;:&quot;no&quot;,&quot;activeScrollspy&quot;:null,&quot;hashTopOffset&quot;:false,&quot;hashScrollspyTime&quot;:false,&quot;closeAllItemsOnMobile&quot;:false}\">\n\t\t\t\t\t\t\t\t\t<div class=\"bdt-ep-accordion-item\">\n\t\t\t\t\t\t<div\t\t\t\t\t\t\tclass=\"bdt-ep-accordion-title bdt-accordion-title bdt-flex bdt-flex-middle bdt-flex-between\" id=\"bdt-ep-accordion-nhradn-vozidlo-poas-opravy\"\n\t\t\t\t\t\t\tdata-accordion-index=\"0\" data-title=\"n-hradn-vozidlo-po-as-opravy\">\n\n\t\t\t\t\t\t\t\t\t\t\t\t\t\t\t<span class=\"bdt-ep-accordion-icon bdt-flex-align-right\"\n\t\t\t\t\t\t\t\t\taria-hidden=\"true\">\n\n\t\t\t\t\t\t\t\t\t\t\t\t\t\t\t\t\t\t\t<span class=\"bdt-ep-accordion-icon-closed\">\n\t\t\t\t\t\t\t\t\t\t\t<i aria-hidden=\"true\" class=\"fa-fw fas fa-plus\"><\/i>\t\t\t\t\t\t\t\t\t\t<\/span>\n\t\t\t\t\t\t\t\t\t\n\t\t\t\t\t\t\t\t\t\t\t\t\t\t\t\t\t\t\t<span class=\"bdt-ep-accordion-icon-opened\">\n\t\t\t\t\t\t\t\t\t\t\t<i aria-hidden=\"true\" class=\"fa-fw fas fa-minus\"><\/i>\t\t\t\t\t\t\t\t\t\t<\/span>\n\t\t\t\t\t\t\t\t\t\n\t\t\t\t\t\t\t\t<\/span>\n\t\t\t\t\t\t\t\n\t\t\t\t\t\t\t<span role=\"heading\" class=\"bdt-ep-title-text bdt-flex-inline bdt-flex-middle\" >\n\n\t\t\t\t\t\t\t\t\t\t\t\t\t\t\t\tN\u00e1hradn\u00e9 vozidlo po\u010das opravy\t\t\t\t\t\t\t<\/span>\n\n\t\t\t\t\t\t<\/div>\n\t\t\t\t\t\t<div class=\"bdt-ep-accordion-content bdt-accordion-content\">\n\t\t\t\t\t\t\t<p>Ostali ste nepojazdn\u00fd po nehode? Rozumieme va\u0161im potreb\u00e1m a vieme, \u017ee \u010dlovek bez auta je ako bez ruky.<\/p><p>Poskytneme v\u00e1m n\u00e1hradn\u00e9 vozidlo a\u017e do d\u0148a, kedy si op\u00e4\u0165 budete m\u00f4c\u0165 presadn\u00fa\u0165 do svojho vozidla. \u010ci u\u017e:<\/p><ul><li>pois\u0165ov\u0148a likviduje poistn\u00fa udalos\u0165 ako tot\u00e1lnu \u0161kodu<\/li><li>alebo pois\u0165ov\u0148a schv\u00e1lila opravu a vozidlo sa bude opravova\u0165.<\/li><\/ul><p>V oboch pr\u00edpadoch m\u00f4\u017eete vyu\u017ei\u0165 jedno z na\u0161ich n\u00e1hradn\u00fdch vozidiel.<\/p><p>Spom\u00ednali sme v\u00e1m u\u017e, \u017ee za u\u00a0n\u00e1s za n\u00e1hradn\u00e9 vozidlo neplat\u00edte?<\/p><p>Vedeli ste, \u017ee m\u00f4\u017eete ma\u0165 na\u0161e n\u00e1hradn\u00e9 vozidlo bezplatne:<\/p><ul><li>pri tot\u00e1lnej \u0161kode a\u017e do d\u0148a, kedy pois\u0165ov\u0148a re\u00e1lne vyplat\u00ed poistn\u00e9 plnenie na v\u00e1\u0161 \u00fa\u010det?<\/li><li>pri oprave vozidla a\u017e do d\u0148a, kedy v\u00e1m bud\u00fa re\u00e1lne odovzdan\u00e9 k\u013e\u00fa\u010de od v\u00e1\u0161ho opraven\u00e9ho vozidla?<\/li><\/ul><p>Nenechajte sa zastra\u0161ova\u0165 zo strany pois\u0165ovne a\u00a0neverte tomu, \u010do v\u00e1m v\u00a0pois\u0165ovni hovoria. Pois\u0165ov\u0148a z\u00a0vlastnej iniciat\u00edvy v\u00e1m zaplat\u00ed v\u017edy iba to minimum, ktor\u00e9 mus\u00ed. My v\u0161ak vieme, \u017ee n\u00e1rok nem\u00e1te na minimum, ale na maximum!<\/p><p><strong>Kedy m\u00f4\u017eete vyu\u017ei\u0165 n\u00e1hradn\u00e9 vozidlo od n\u00e1s?<\/strong><\/p><p>N\u00e1hradn\u00e9 vozidlo m\u00f4\u017eete vyu\u017ei\u0165 aj ke\u010f:<\/p><ul><li>e\u0161te nebola vykonan\u00e1 obhliadka zo strany pois\u0165ovne<\/li><li>ste e\u0161te neodovzdali svoje vozidlo do servisu na opravu<\/li><li>u\u017e je v\u00a0servise, ale sa e\u0161te neza\u010dalo opravova\u0165<\/li><li>u\u017e ste odovzdali svoje vozidlo do opravy<\/li><li>u\u017e ste mali zapo\u017ei\u010dan\u00e9 vozidlo z inej spolo\u010dnosti<\/li><\/ul><p><strong>Kde m\u00e1me na\u0161e n\u00e1hradn\u00e9 vozidl\u00e1?<\/strong><\/p><p>Vyberte si lokalitu, ktor\u00e1 v\u00e1m najviac vyhovuje na prevzatie vozidla<\/p><p><div class=\"map_wrapper\" id=\"map_wrapper_4579\">\n<div class=\"map_box\" style=\"max-width:2000px\">\n<div class=\"map_aspect_ratio\" style=\"padding-top:56%\" data-padding-top=\"56%\" data-padding-top-mobile=\"60%\">\n<div class=\"map_container\">\n<div class=\"map_render map_loading\" id=\"map_4579\"><\/div>\n<\/div>\n<\/div>\n<\/div>\n<\/div><\/p><p><strong>Nevyhovuje v\u00e1m \u017eiadna z uveden\u00fdch lokal\u00edt?<\/strong><\/p><p>Mysleli sme aj na v\u00e1s, na po\u0161koden\u00e9 osoby, ktor\u00e9 sa nach\u00e1dzate mimo ve\u013ek\u00fdch miest. N\u00e1hradn\u00e9 vozidlo v\u00e1m privezieme na vami ur\u010den\u00e9 miesto, pr\u00edpadne zabezpe\u010d\u00edme preplatenie taxi slu\u017eby z miesta, kde sa nach\u00e1dzate (pr\u00e1ca, prechodn\u00e9 bydlisko) do jedn\u00e9ho z na\u0161ich odbern\u00fdch miest.<\/p><p>Nevy\u010dk\u00e1vajte zbyto\u010dne dlho. U\u017e zajtra si m\u00f4\u017eete prevzia\u0165 jedno z na\u0161ich n\u00e1hradn\u00fdch vozidiel. Kontaktujte n\u00e1s cez formul\u00e1r alebo telefonicky<\/p><p><strong>V\u00fdhody:<\/strong><\/p><ul><li>Bez nutnosti \u00fahrady za n\u00e1hradn\u00e9 vozidlo<\/li><li>Vozidlo priprav\u00edme pre v\u00e1s u\u017e na zajtra<\/li><li>N\u00e1hradn\u00e9 vozidlo a\u017e do ukon\u010denia opravy v\u00e1\u0161ho havarovan\u00e9ho auta<\/li><\/ul><p>Rezervujte si n\u00e1hradn\u00e9 vozidlo, k\u00fdm e\u0161te s\u00fa dostupn\u00e9. Hav\u00e1rii je ve\u013ea a\u00a0v\u0161etci potrebuj\u00fa n\u00e1hradn\u00e9 vozidlo tak, ako aj vy. Pre \u00fa\u010dely rezerv\u00e1cie a\u00a0bli\u017e\u0161\u00edch inform\u00e1cii n\u00e1s <a href=\"#kontakty\">kontaktujte telefonicky<\/a> alebo cez <a href=\"#kontakty\">formul\u00e1r<\/a>.<\/p>\t\t\t\t\t\t<\/div>\n\t\t\t\t\t<\/div>\n\t\t\t\t\t\t\t<\/div>\n\t\t<\/div>\n\t\t\t\t\t\t<\/div>\n\t\t\t\t<\/div>\n\t\t\t\t\t<\/div>\n\t\t<\/div>\n\t\t\t\t\t<\/div>\n\t\t<\/section>\n\t\t\t\t<\/div>\n\t\t<\/div>\n\t\t\t\t\t\t<\/div>\n\t\t\t\t<\/div>\n\t\t\t\t\t<\/div>\n\t\t<\/div>\n\t\t\t\t<div class=\"elementor-column elementor-col-50 elementor-top-column elementor-element elementor-element-d50898d exad-glass-effect-no exad-sticky-section-no\" data-id=\"d50898d\" data-element_type=\"column\" data-e-type=\"column\">\n\t\t\t<div class=\"elementor-widget-wrap elementor-element-populated\">\n\t\t\t\t\t\t<section class=\"elementor-section elementor-inner-section elementor-element elementor-element-eb52da7 sticker exad-sticky-section-yes elementor-section-boxed elementor-section-height-default elementor-section-height-default exad-glass-effect-no\" data-id=\"eb52da7\" data-element_type=\"section\" data-e-type=\"section\" data-settings=\"{&quot;exad_sticky_top_spacing&quot;:20}\">\n\t\t\t\t\t\t<div class=\"elementor-container elementor-column-gap-default\">\n\t\t\t\t\t<div class=\"elementor-column elementor-col-100 elementor-inner-column elementor-element elementor-element-4c1d98e exad-glass-effect-no exad-sticky-section-no\" data-id=\"4c1d98e\" data-element_type=\"column\" data-e-type=\"column\">\n\t\t\t<div class=\"elementor-widget-wrap elementor-element-populated\">\n\t\t\t\t\t\t<div class=\"elementor-element elementor-element-1aa3b37 exad-sticky-section-no exad-glass-effect-no elementor-widget elementor-widget-text-editor\" data-id=\"1aa3b37\" data-element_type=\"widget\" data-e-type=\"widget\" data-widget_type=\"text-editor.default\">\n\t\t\t\t<div class=\"elementor-widget-container\">\n\t\t\t\t\t\t\t\t\t<p><strong>Je to bezplatn\u00e9, r\u00fdchle a\u00a0pohodln\u00e9.<\/strong><\/p>\t\t\t\t\t\t\t\t<\/div>\n\t\t\t\t<\/div>\n\t\t\t\t<div class=\"elementor-element elementor-element-5ee8a01 elementor-widget__width-initial exad-sticky-section-no exad-glass-effect-no elementor-widget elementor-widget-image\" data-id=\"5ee8a01\" data-element_type=\"widget\" data-e-type=\"widget\" data-widget_type=\"image.default\">\n\t\t\t\t<div class=\"elementor-widget-container\">\n\t\t\t\t\t\t\t\t\t\t\t\t\t\t\t<img fetchpriority=\"high\" decoding=\"async\" width=\"600\" height=\"600\" src=\"https:\/\/aider.sk\/wp-content\/uploads\/2023\/09\/juraj-repcok-aider-odskodnovaci-expert-600x600-1.png\" class=\"attachment-large size-large wp-image-777\" alt=\"\" srcset=\"https:\/\/aider.sk\/wp-content\/uploads\/2023\/09\/juraj-repcok-aider-odskodnovaci-expert-600x600-1.png 600w, https:\/\/aider.sk\/wp-content\/uploads\/2023\/09\/juraj-repcok-aider-odskodnovaci-expert-600x600-1-300x300.png 300w, https:\/\/aider.sk\/wp-content\/uploads\/2023\/09\/juraj-repcok-aider-odskodnovaci-expert-600x600-1-150x150.png 150w, https:\/\/aider.sk\/wp-content\/uploads\/2023\/09\/juraj-repcok-aider-odskodnovaci-expert-600x600-1-100x100.png 100w\" sizes=\"(max-width: 600px) 100vw, 600px\" \/>\t\t\t\t\t\t\t\t\t\t\t\t\t\t\t<\/div>\n\t\t\t\t<\/div>\n\t\t\t\t<div class=\"elementor-element elementor-element-80d7f18 exad-sticky-section-no exad-glass-effect-no elementor-widget elementor-widget-text-editor\" data-id=\"80d7f18\" data-element_type=\"widget\" data-e-type=\"widget\" data-widget_type=\"text-editor.default\">\n\t\t\t\t<div class=\"elementor-widget-container\">\n\t\t\t\t\t\t\t\t\t<p style=\"text-align: center;\"><strong>Juraj Rep\u010dok<\/strong><\/p><p style=\"text-align: center;\">Expert na poistn\u00e9 udalosti<\/p>\t\t\t\t\t\t\t\t<\/div>\n\t\t\t\t<\/div>\n\t\t\t\t<div class=\"elementor-element elementor-element-5160491 elementor-widget__width-initial exad-sticky-section-no exad-glass-effect-no elementor-widget elementor-widget-shortcode\" data-id=\"5160491\" data-element_type=\"widget\" data-e-type=\"widget\" data-widget_type=\"shortcode.default\">\n\t\t\t\t<div class=\"elementor-widget-container\">\n\t\t\t\t\t\t\t<div class=\"elementor-shortcode\"><form id=\"forminator-module-3555\" class=\"forminator-custom-form forminator-custom-form-3555\" method=\"post\" data-forminator-render=\"0\" data-uid=\"69f5036147a97\" action=\"\"><div role=\"alert\" aria-live=\"polite\" class=\"forminator-response-message forminator-error\" aria-hidden=\"true\"><\/div><input type=\"hidden\" name=\"trp-form-language\" value=\"en\"\/><\/form><\/div>\n\t\t\t\t\t\t<\/div>\n\t\t\t\t<\/div>\n\t\t\t\t\t<\/div>\n\t\t<\/div>\n\t\t\t\t\t<\/div>\n\t\t<\/section>\n\t\t\t\t\t<\/div>\n\t\t<\/div>\n\t\t\t\t\t<\/div>\n\t\t<\/section>\n\t\t\t\t<\/div>","protected":false},"excerpt":{"rendered":"<p>Na\u0161e slu\u017eby a rie\u0161enia Je to bezplatn\u00e9, r\u00fdchle a\u00a0pohodln\u00e9. Juraj Rep\u010dok Expert na poistn\u00e9 udalosti<\/p>","protected":false},"author":4,"featured_media":0,"parent":0,"menu_order":0,"comment_status":"closed","ping_status":"closed","template":"","meta":{"_eb_attr":"","site-sidebar-layout":"no-sidebar","site-content-layout":"page-builder","ast-site-content-layout":"default","site-content-style":"default","site-sidebar-style":"default","ast-global-header-display":"","ast-banner-title-visibility":"","ast-main-header-display":"","ast-hfb-above-header-display":"","ast-hfb-below-header-display":"","ast-hfb-mobile-header-display":"","site-post-title":"disabled","ast-breadcrumbs-content":"","ast-featured-img":"disabled","footer-sml-layout":"","theme-transparent-header-meta":"","adv-header-id-meta":"","stick-header-meta":"","header-above-stick-meta":"","header-main-stick-meta":"","header-below-stick-meta":"","astra-migrate-meta-layouts":"default","ast-page-background-enabled":"default","ast-page-background-meta":{"desktop":{"background-color":"var(--ast-global-color-4)","background-image":"","background-repeat":"repeat","background-position":"center center","background-size":"auto","background-attachment":"scroll","background-type":"","background-media":"","overlay-type":"","overlay-color":"","overlay-opacity":"","overlay-gradient":""},"tablet":{"background-color":"","background-image":"","background-repeat":"repeat","background-position":"center center","background-size":"auto","background-attachment":"scroll","background-type":"","background-media":"","overlay-type":"","overlay-color":"","overlay-opacity":"","overlay-gradient":""},"mobile":{"background-color":"","background-image":"","background-repeat":"repeat","background-position":"center center","background-size":"auto","background-attachment":"scroll","background-type":"","background-media":"","overlay-type":"","overlay-color":"","overlay-opacity":"","overlay-gradient":""}},"ast-content-background-meta":{"desktop":{"background-color":"var(--ast-global-color-5)","background-image":"","background-repeat":"repeat","background-position":"center center","background-size":"auto","background-attachment":"scroll","background-type":"","background-media":"","overlay-type":"","overlay-color":"","overlay-opacity":"","overlay-gradient":""},"tablet":{"background-color":"var(--ast-global-color-5)","background-image":"","background-repeat":"repeat","background-position":"center center","background-size":"auto","background-attachment":"scroll","background-type":"","background-media":"","overlay-type":"","overlay-color":"","overlay-opacity":"","overlay-gradient":""},"mobile":{"background-color":"var(--ast-global-color-5)","background-image":"","background-repeat":"repeat","background-position":"center center","background-size":"auto","background-attachment":"scroll","background-type":"","background-media":"","overlay-type":"","overlay-color":"","overlay-opacity":"","overlay-gradient":""}},"footnotes":""},"class_list":["post-4453","page","type-page","status-publish","hentry"],"_links":{"self":[{"href":"https:\/\/aider.sk\/en\/wp-json\/wp\/v2\/pages\/4453","targetHints":{"allow":["GET"]}}],"collection":[{"href":"https:\/\/aider.sk\/en\/wp-json\/wp\/v2\/pages"}],"about":[{"href":"https:\/\/aider.sk\/en\/wp-json\/wp\/v2\/types\/page"}],"author":[{"embeddable":true,"href":"https:\/\/aider.sk\/en\/wp-json\/wp\/v2\/users\/4"}],"replies":[{"embeddable":true,"href":"https:\/\/aider.sk\/en\/wp-json\/wp\/v2\/comments?post=4453"}],"version-history":[{"count":7,"href":"https:\/\/aider.sk\/en\/wp-json\/wp\/v2\/pages\/4453\/revisions"}],"predecessor-version":[{"id":4485,"href":"https:\/\/aider.sk\/en\/wp-json\/wp\/v2\/pages\/4453\/revisions\/4485"}],"wp:attachment":[{"href":"https:\/\/aider.sk\/en\/wp-json\/wp\/v2\/media?parent=4453"}],"curies":[{"name":"wp","href":"https:\/\/api.w.org\/{rel}","templated":true}]}}