{"id":3775,"date":"2024-07-02T21:03:41","date_gmt":"2024-07-02T19:03:41","guid":{"rendered":"https:\/\/aider.sk\/?page_id=3775"},"modified":"2024-07-20T22:19:03","modified_gmt":"2024-07-20T20:19:03","slug":"result-2-2","status":"publish","type":"page","link":"https:\/\/aider.sk\/en\/result-2-2\/","title":{"rendered":"celne sklo neopravene"},"content":{"rendered":"<div data-elementor-type=\"wp-page\" data-elementor-id=\"3775\" class=\"elementor elementor-3775\">\n\t\t\t\t\t\t<section class=\"elementor-section elementor-top-section elementor-element elementor-element-924a747 elementor-section-boxed elementor-section-height-default elementor-section-height-default exad-glass-effect-no exad-sticky-section-no\" data-id=\"924a747\" data-element_type=\"section\" data-e-type=\"section\">\n\t\t\t\t\t\t<div class=\"elementor-container elementor-column-gap-default\">\n\t\t\t\t\t<div class=\"elementor-column elementor-col-100 elementor-top-column elementor-element elementor-element-07beba4 exad-glass-effect-no exad-sticky-section-no\" data-id=\"07beba4\" data-element_type=\"column\" data-e-type=\"column\">\n\t\t\t<div class=\"elementor-widget-wrap elementor-element-populated\">\n\t\t\t\t\t\t<div class=\"elementor-element elementor-element-a9e1eb5 exad-sticky-section-no exad-glass-effect-no elementor-widget elementor-widget-heading\" data-id=\"a9e1eb5\" data-element_type=\"widget\" data-e-type=\"widget\" data-widget_type=\"heading.default\">\n\t\t\t\t<div class=\"elementor-widget-container\">\n\t\t\t\t\t<h2 class=\"elementor-heading-title elementor-size-default\">Na\u0161e slu\u017eby a rie\u0161enia ak \u010deln\u00e9 sklo e\u0161te nem\u00e1te opraven\u00e9<\/h2>\t\t\t\t<\/div>\n\t\t\t\t<\/div>\n\t\t\t\t\t<\/div>\n\t\t<\/div>\n\t\t\t\t\t<\/div>\n\t\t<\/section>\n\t\t\t\t<section class=\"elementor-section elementor-top-section elementor-element elementor-element-0919551 elementor-section-boxed elementor-section-height-default elementor-section-height-default exad-glass-effect-no exad-sticky-section-no\" data-id=\"0919551\" data-element_type=\"section\" data-e-type=\"section\">\n\t\t\t\t\t\t<div class=\"elementor-container elementor-column-gap-default\">\n\t\t\t\t\t<div class=\"elementor-column elementor-col-50 elementor-top-column elementor-element elementor-element-7c28211 exad-glass-effect-no exad-sticky-section-no\" data-id=\"7c28211\" data-element_type=\"column\" data-e-type=\"column\">\n\t\t\t<div class=\"elementor-widget-wrap elementor-element-populated\">\n\t\t\t\t\t\t<div class=\"elementor-element elementor-element-0b001cc exad-sticky-section-no exad-glass-effect-no elementor-widget elementor-widget-heading\" data-id=\"0b001cc\" data-element_type=\"widget\" data-e-type=\"widget\" data-widget_type=\"heading.default\">\n\t\t\t\t<div class=\"elementor-widget-container\">\n\t\t\t\t\t<h2 class=\"elementor-heading-title elementor-size-default\">V\u00fdmena po\u0161koden\u00e9ho \u010deln\u00e9ho skla<\/h2>\t\t\t\t<\/div>\n\t\t\t\t<\/div>\n\t\t\t\t<div class=\"elementor-element elementor-element-bf53b89 elementor-widget-tablet__width-initial exad-sticky-section-no exad-glass-effect-no elementor-widget elementor-widget-text-editor\" data-id=\"bf53b89\" data-element_type=\"widget\" data-e-type=\"widget\" data-widget_type=\"text-editor.default\">\n\t\t\t\t<div class=\"elementor-widget-container\">\n\t\t\t\t\t\t\t\t\t<div class=\"sc-ec327e1c-3 gpVySL tally-block tally-block-text tally-block-db8567c3-7de0-46b2-b67b-2434106fea24\"><div class=\"sc-6991af84-0 gpPzDM tally-text\"><div class=\"sc-ec327e1c-3 gpVySL tally-block tally-block-text tally-block-db8567c3-7de0-46b2-b67b-2434106fea24\"><div class=\"sc-6991af84-0 gpPzDM tally-text\"><p>Na Slovensku je \u017eia\u013e krutou realitou, \u017ee pois\u0165ovne v\u00e1s don\u00fatia necha\u0165 si vymeni\u0165 \u010deln\u00e9 sklo na vlastn\u00e9 n\u00e1klady a po zaslan\u00ed fakt\u00fary do pois\u0165ovne v\u00e1m ozn\u00e1mia, \u017ee n\u00e1klady neprepl\u00e1caj\u00fa. To plat\u00ed aj ke\u010f v\u00fdmenu skla realizoval zmluvn\u00fd servis pois\u0165ovne. D\u00f4vodom je, \u017ee spr\u00e1va o nehode podp\u00edsan\u00e1 vinn\u00edkom a po\u0161kodenou osobou, nie je relevantn\u00fd d\u00f4kaz, \u017ee za \u0161kodu zodpoved\u00e1 pr\u00e1ve vinn\u00edk.<\/p><\/div><div>Z tohto d\u00f4vodu zamietnu aj v\u00e1m n\u00e1rok na poistn\u00e9 plnenie.<\/div><div><b>Neriskujte!<\/b><\/div><div>Ak e\u0161te nem\u00e1te opraven\u00e9 \u010deln\u00e9 sklo, vyu\u017eite na\u0161e zmluvn\u00e9 servisy, kde v\u00e1m \u010deln\u00e9 sklo vymen\u00edme. Po\u010das doby opravy v\u00e1m po\u017ei\u010diame n\u00e1hradn\u00e9 vozidlo a cel\u00fa vec si dorie\u0161ime s pois\u0165ov\u0148ou na vlastn\u00e9 n\u00e1klady a na vlastn\u00fa zodpovednos\u0165. Vy sa nemus\u00edte o ni\u010d stara\u0165.<\/div><div>\u00a0<\/div><\/div><div><strong>Cena slu\u017eby<\/strong><\/div><div>Vy neplat\u00edte ni\u010d. N\u00e1klady na opravu uhr\u00e1dza priamo pois\u0165ov\u0148a.<\/div><\/div><\/div>\t\t\t\t\t\t\t\t<\/div>\n\t\t\t\t<\/div>\n\t\t\t\t<div class=\"elementor-element elementor-element-7c669a1 elementor-widget-divider--view-line exad-sticky-section-no exad-glass-effect-no elementor-widget elementor-widget-divider\" data-id=\"7c669a1\" data-element_type=\"widget\" data-e-type=\"widget\" data-widget_type=\"divider.default\">\n\t\t\t\t<div class=\"elementor-widget-container\">\n\t\t\t\t\t\t\t<div class=\"elementor-divider\">\n\t\t\t<span class=\"elementor-divider-separator\">\n\t\t\t\t\t\t<\/span>\n\t\t<\/div>\n\t\t\t\t\t\t<\/div>\n\t\t\t\t<\/div>\n\t\t\t\t<div class=\"elementor-element elementor-element-aa1c021 exad-sticky-section-no exad-glass-effect-no elementor-widget elementor-widget-heading\" data-id=\"aa1c021\" data-element_type=\"widget\" data-e-type=\"widget\" data-widget_type=\"heading.default\">\n\t\t\t\t<div class=\"elementor-widget-container\">\n\t\t\t\t\t<h2 class=\"elementor-heading-title elementor-size-default\">N\u00e1hradn\u00e9 vozidlo po\u010das opravy<\/h2>\t\t\t\t<\/div>\n\t\t\t\t<\/div>\n\t\t\t\t<div class=\"elementor-element elementor-element-20cd0ac elementor-widget-tablet__width-initial exad-sticky-section-no exad-glass-effect-no elementor-widget elementor-widget-text-editor\" data-id=\"20cd0ac\" data-element_type=\"widget\" data-e-type=\"widget\" data-widget_type=\"text-editor.default\">\n\t\t\t\t<div class=\"elementor-widget-container\">\n\t\t\t\t\t\t\t\t\t<div class=\"sc-ec327e1c-3 gpVySL tally-block tally-block-text tally-block-db8567c3-7de0-46b2-b67b-2434106fea24\"><div class=\"sc-6991af84-0 gpPzDM tally-text\"><div class=\"sc-ec327e1c-3 gpVySL tally-block tally-block-text tally-block-db8567c3-7de0-46b2-b67b-2434106fea24\"><div class=\"sc-6991af84-0 gpPzDM tally-text\"><p>Vyu\u017eite na\u0161e n\u00e1hradn\u00e9 vozidl\u00e1 pri poistn\u00fdch udalostiach. N\u00e1klady na pren\u00e1jom Si dorie\u0161ime u\u017e s pois\u0165ov\u0148ou my a to na vlastn\u00e9 n\u00e1klady a vlastn\u00fa zodpovednos\u0165.<\/p><div>Vy si plat\u00edte iba krytie \u0161k\u00f4d pre pr\u00edpad, \u017ee by ste na\u0161im autom havarovali (tzv. &#8222;havarijn\u00e9 poistenie&#8220;).<\/div><div>\u010ci u\u017e va\u0161e vozidlo opravujeme my v jednom z na\u0161ich zmluvn\u00fdch servisov alebo ste zverili opravu in\u00e9mu opravcovi , n\u00e1hradn\u00e9 vozidlo v\u00e1m po\u017ei\u010diame po\u010das celej doby opravy.<\/div><div>\u00a0<\/div><\/div><div><strong>Cena krytia \u0161k\u00f4d:<\/strong><\/div><div><div>0,99 EUR\/de\u0148 a\u017e 10,49 EUR\/de\u0148<\/div><div>Cena krytia z\u00e1vis\u00ed od zapo\u017ei\u010dan\u00e9ho auta. Ni\u017e\u0161ia trieda 0,99 EUR\/de\u0148, luxusn\u00e1 trieda 10,49 EUR\/de\u0148.<\/div><div>\u00a0<\/div><\/div><\/div><div>&#8211; Pick-up Servis Nechajte h\u013eadanie a chodenie do servisov na N\u00e1s a to v\u0161etko \u00faplne zadarmo!<\/div><div class=\"sc-ec327e1c-3 gpVySL tally-block tally-block-text tally-block-db8567c3-7de0-46b2-b67b-2434106fea24\"><div>\u00a0<\/div><\/div><\/div><\/div>\t\t\t\t\t\t\t\t<\/div>\n\t\t\t\t<\/div>\n\t\t\t\t<div class=\"elementor-element elementor-element-b58c8a7 elementor-widget-divider--view-line exad-sticky-section-no exad-glass-effect-no elementor-widget elementor-widget-divider\" data-id=\"b58c8a7\" data-element_type=\"widget\" data-e-type=\"widget\" data-widget_type=\"divider.default\">\n\t\t\t\t<div class=\"elementor-widget-container\">\n\t\t\t\t\t\t\t<div class=\"elementor-divider\">\n\t\t\t<span class=\"elementor-divider-separator\">\n\t\t\t\t\t\t<\/span>\n\t\t<\/div>\n\t\t\t\t\t\t<\/div>\n\t\t\t\t<\/div>\n\t\t\t\t\t<\/div>\n\t\t<\/div>\n\t\t\t\t<div class=\"elementor-column elementor-col-50 elementor-top-column elementor-element elementor-element-09f1e56 exad-glass-effect-no exad-sticky-section-no\" data-id=\"09f1e56\" data-element_type=\"column\" data-e-type=\"column\">\n\t\t\t<div class=\"elementor-widget-wrap elementor-element-populated\">\n\t\t\t\t\t\t<div class=\"elementor-element elementor-element-358b85e exad-sticky-section-no exad-glass-effect-no elementor-widget elementor-widget-image\" data-id=\"358b85e\" data-element_type=\"widget\" data-e-type=\"widget\" data-widget_type=\"image.default\">\n\t\t\t\t<div class=\"elementor-widget-container\">\n\t\t\t\t\t\t\t\t\t\t\t\t\t\t\t<img fetchpriority=\"high\" decoding=\"async\" width=\"600\" height=\"600\" src=\"https:\/\/aider.sk\/wp-content\/uploads\/2023\/09\/juraj-repcok-aider-odskodnovaci-expert-600x600-1.png\" class=\"attachment-large size-large wp-image-777\" alt=\"\" srcset=\"https:\/\/aider.sk\/wp-content\/uploads\/2023\/09\/juraj-repcok-aider-odskodnovaci-expert-600x600-1.png 600w, https:\/\/aider.sk\/wp-content\/uploads\/2023\/09\/juraj-repcok-aider-odskodnovaci-expert-600x600-1-300x300.png 300w, https:\/\/aider.sk\/wp-content\/uploads\/2023\/09\/juraj-repcok-aider-odskodnovaci-expert-600x600-1-150x150.png 150w, https:\/\/aider.sk\/wp-content\/uploads\/2023\/09\/juraj-repcok-aider-odskodnovaci-expert-600x600-1-100x100.png 100w\" sizes=\"(max-width: 600px) 100vw, 600px\" \/>\t\t\t\t\t\t\t\t\t\t\t\t\t\t\t<\/div>\n\t\t\t\t<\/div>\n\t\t\t\t<div class=\"elementor-element elementor-element-a9b5024 exad-sticky-section-no exad-glass-effect-no elementor-widget elementor-widget-text-editor\" data-id=\"a9b5024\" data-element_type=\"widget\" data-e-type=\"widget\" data-widget_type=\"text-editor.default\">\n\t\t\t\t<div class=\"elementor-widget-container\">\n\t\t\t\t\t\t\t\t\t<p style=\"text-align: center;\"><strong>Juraj Rep\u010dok<\/strong><\/p><p style=\"text-align: center;\">Expert na poistn\u00e9 udalosti<\/p>\t\t\t\t\t\t\t\t<\/div>\n\t\t\t\t<\/div>\n\t\t\t\t<div class=\"elementor-element elementor-element-b97bc55 exad-sticky-section-no exad-glass-effect-no elementor-widget elementor-widget-text-editor\" data-id=\"b97bc55\" data-element_type=\"widget\" data-e-type=\"widget\" data-widget_type=\"text-editor.default\">\n\t\t\t\t<div class=\"elementor-widget-container\">\n\t\t\t\t\t\t\t\t\t<p style=\"text-align: center;\"><b>Zanechajte n\u00e1m kontakt !<\/b><\/p>\t\t\t\t\t\t\t\t<\/div>\n\t\t\t\t<\/div>\n\t\t\t\t<div class=\"elementor-element elementor-element-7d054ab exad-sticky-section-no exad-glass-effect-no elementor-widget elementor-widget-shortcode\" data-id=\"7d054ab\" data-element_type=\"widget\" data-e-type=\"widget\" data-widget_type=\"shortcode.default\">\n\t\t\t\t<div class=\"elementor-widget-container\">\n\t\t\t\t\t\t\t<div class=\"elementor-shortcode\"><form id=\"forminator-module-3555\" class=\"forminator-custom-form forminator-custom-form-3555\" method=\"post\" data-forminator-render=\"0\" data-uid=\"69f5ab7c472d5\" action=\"\"><div role=\"alert\" aria-live=\"polite\" class=\"forminator-response-message forminator-error\" aria-hidden=\"true\"><\/div><input type=\"hidden\" name=\"trp-form-language\" value=\"en\"\/><\/form><\/div>\n\t\t\t\t\t\t<\/div>\n\t\t\t\t<\/div>\n\t\t\t\t<div class=\"elementor-element elementor-element-64847f8 elementor-align-center exad-sticky-section-no exad-glass-effect-no elementor-widget elementor-widget-button\" data-id=\"64847f8\" data-element_type=\"widget\" data-e-type=\"widget\" data-widget_type=\"button.default\">\n\t\t\t\t<div class=\"elementor-widget-container\">\n\t\t\t\t\t\t\t\t\t<div class=\"elementor-button-wrapper\">\n\t\t\t\t\t<a class=\"elementor-button elementor-button-link elementor-size-sm elementor-animation-grow\" href=\"\/en\/#sprievodca\">\n\t\t\t\t\t\t<span class=\"elementor-button-content-wrapper\">\n\t\t\t\t\t\t<span class=\"elementor-button-icon\">\n\t\t\t\t<i aria-hidden=\"true\" class=\"fas fa-angle-left\"><\/i>\t\t\t<\/span>\n\t\t\t\t\t\t\t\t\t<span class=\"elementor-button-text\">spa\u0165 na sprievodcu<\/span>\n\t\t\t\t\t<\/span>\n\t\t\t\t\t<\/a>\n\t\t\t\t<\/div>\n\t\t\t\t\t\t\t\t<\/div>\n\t\t\t\t<\/div>\n\t\t\t\t\t<\/div>\n\t\t<\/div>\n\t\t\t\t\t<\/div>\n\t\t<\/section>\n\t\t\t\t<section class=\"elementor-section elementor-top-section elementor-element elementor-element-e679c35 elementor-section-boxed elementor-section-height-default elementor-section-height-default exad-glass-effect-no exad-sticky-section-no\" data-id=\"e679c35\" data-element_type=\"section\" data-e-type=\"section\">\n\t\t\t\t\t\t<div class=\"elementor-container elementor-column-gap-default\">\n\t\t\t\t\t<div class=\"elementor-column elementor-col-100 elementor-top-column elementor-element elementor-element-7b8d41d exad-glass-effect-no exad-sticky-section-no\" data-id=\"7b8d41d\" data-element_type=\"column\" data-e-type=\"column\">\n\t\t\t<div class=\"elementor-widget-wrap\">\n\t\t\t\t\t\t\t<\/div>\n\t\t<\/div>\n\t\t\t\t\t<\/div>\n\t\t<\/section>\n\t\t\t\t<\/div>","protected":false},"excerpt":{"rendered":"<p>Na\u0161e slu\u017eby a rie\u0161enia ak \u010deln\u00e9 sklo e\u0161te nem\u00e1te opraven\u00e9 V\u00fdmena po\u0161koden\u00e9ho \u010deln\u00e9ho skla Na Slovensku je \u017eia\u013e krutou realitou, \u017ee pois\u0165ovne v\u00e1s don\u00fatia necha\u0165 si vymeni\u0165 \u010deln\u00e9 sklo na vlastn\u00e9 n\u00e1klady a po zaslan\u00ed fakt\u00fary do pois\u0165ovne v\u00e1m ozn\u00e1mia, \u017ee n\u00e1klady neprepl\u00e1caj\u00fa. To plat\u00ed aj ke\u010f v\u00fdmenu skla realizoval zmluvn\u00fd servis pois\u0165ovne. D\u00f4vodom je, [&hellip;]<\/p>","protected":false},"author":4,"featured_media":1172,"parent":0,"menu_order":0,"comment_status":"closed","ping_status":"closed","template":"","meta":{"_eb_attr":"","site-sidebar-layout":"no-sidebar","site-content-layout":"page-builder","ast-site-content-layout":"default","site-content-style":"default","site-sidebar-style":"default","ast-global-header-display":"","ast-banner-title-visibility":"","ast-main-header-display":"","ast-hfb-above-header-display":"","ast-hfb-below-header-display":"","ast-hfb-mobile-header-display":"","site-post-title":"disabled","ast-breadcrumbs-content":"","ast-featured-img":"disabled","footer-sml-layout":"","theme-transparent-header-meta":"","adv-header-id-meta":"","stick-header-meta":"","header-above-stick-meta":"","header-main-stick-meta":"","header-below-stick-meta":"","astra-migrate-meta-layouts":"default","ast-page-background-enabled":"default","ast-page-background-meta":{"desktop":{"background-color":"var(--ast-global-color-4)","background-image":"","background-repeat":"repeat","background-position":"center center","background-size":"auto","background-attachment":"scroll","background-type":"","background-media":"","overlay-type":"","overlay-color":"","overlay-opacity":"","overlay-gradient":""},"tablet":{"background-color":"","background-image":"","background-repeat":"repeat","background-position":"center center","background-size":"auto","background-attachment":"scroll","background-type":"","background-media":"","overlay-type":"","overlay-color":"","overlay-opacity":"","overlay-gradient":""},"mobile":{"background-color":"","background-image":"","background-repeat":"repeat","background-position":"center center","background-size":"auto","background-attachment":"scroll","background-type":"","background-media":"","overlay-type":"","overlay-color":"","overlay-opacity":"","overlay-gradient":""}},"ast-content-background-meta":{"desktop":{"background-color":"var(--ast-global-color-5)","background-image":"","background-repeat":"repeat","background-position":"center center","background-size":"auto","background-attachment":"scroll","background-type":"","background-media":"","overlay-type":"","overlay-color":"","overlay-opacity":"","overlay-gradient":""},"tablet":{"background-color":"var(--ast-global-color-5)","background-image":"","background-repeat":"repeat","background-position":"center center","background-size":"auto","background-attachment":"scroll","background-type":"","background-media":"","overlay-type":"","overlay-color":"","overlay-opacity":"","overlay-gradient":""},"mobile":{"background-color":"var(--ast-global-color-5)","background-image":"","background-repeat":"repeat","background-position":"center center","background-size":"auto","background-attachment":"scroll","background-type":"","background-media":"","overlay-type":"","overlay-color":"","overlay-opacity":"","overlay-gradient":""}},"footnotes":""},"class_list":["post-3775","page","type-page","status-publish","has-post-thumbnail","hentry"],"_links":{"self":[{"href":"https:\/\/aider.sk\/en\/wp-json\/wp\/v2\/pages\/3775","targetHints":{"allow":["GET"]}}],"collection":[{"href":"https:\/\/aider.sk\/en\/wp-json\/wp\/v2\/pages"}],"about":[{"href":"https:\/\/aider.sk\/en\/wp-json\/wp\/v2\/types\/page"}],"author":[{"embeddable":true,"href":"https:\/\/aider.sk\/en\/wp-json\/wp\/v2\/users\/4"}],"replies":[{"embeddable":true,"href":"https:\/\/aider.sk\/en\/wp-json\/wp\/v2\/comments?post=3775"}],"version-history":[{"count":0,"href":"https:\/\/aider.sk\/en\/wp-json\/wp\/v2\/pages\/3775\/revisions"}],"wp:featuredmedia":[{"embeddable":true,"href":"https:\/\/aider.sk\/en\/wp-json\/wp\/v2\/media\/1172"}],"wp:attachment":[{"href":"https:\/\/aider.sk\/en\/wp-json\/wp\/v2\/media?parent=3775"}],"curies":[{"name":"wp","href":"https:\/\/api.w.org\/{rel}","templated":true}]}}