{"id":3719,"date":"2024-07-02T21:03:41","date_gmt":"2024-07-02T19:03:41","guid":{"rendered":"https:\/\/aider.sk\/?page_id=3719"},"modified":"2024-07-20T22:18:56","modified_gmt":"2024-07-20T20:18:56","slug":"result-1-1-1","status":"publish","type":"page","link":"https:\/\/aider.sk\/en\/result-1-1-1\/","title":{"rendered":"riesenia formou totalnej skody"},"content":{"rendered":"<div data-elementor-type=\"wp-page\" data-elementor-id=\"3719\" class=\"elementor elementor-3719\">\n\t\t\t\t\t\t<section class=\"elementor-section elementor-top-section elementor-element elementor-element-924a747 elementor-section-boxed elementor-section-height-default elementor-section-height-default exad-glass-effect-no exad-sticky-section-no\" data-id=\"924a747\" data-element_type=\"section\" data-e-type=\"section\">\n\t\t\t\t\t\t<div class=\"elementor-container elementor-column-gap-default\">\n\t\t\t\t\t<div class=\"elementor-column elementor-col-100 elementor-top-column elementor-element elementor-element-07beba4 exad-glass-effect-no exad-sticky-section-no\" data-id=\"07beba4\" data-element_type=\"column\" data-e-type=\"column\">\n\t\t\t<div class=\"elementor-widget-wrap elementor-element-populated\">\n\t\t\t\t\t\t<div class=\"elementor-element elementor-element-a9e1eb5 exad-sticky-section-no exad-glass-effect-no elementor-widget elementor-widget-heading\" data-id=\"a9e1eb5\" data-element_type=\"widget\" data-e-type=\"widget\" data-widget_type=\"heading.default\">\n\t\t\t\t<div class=\"elementor-widget-container\">\n\t\t\t\t\t<h2 class=\"elementor-heading-title elementor-size-default\">Na\u0161e slu\u017eby a rie\u0161enia pri Tot\u00e1lnej \u0160kody<\/h2>\t\t\t\t<\/div>\n\t\t\t\t<\/div>\n\t\t\t\t\t<\/div>\n\t\t<\/div>\n\t\t\t\t\t<\/div>\n\t\t<\/section>\n\t\t\t\t<section class=\"elementor-section elementor-top-section elementor-element elementor-element-0919551 elementor-section-boxed elementor-section-height-default elementor-section-height-default exad-glass-effect-no exad-sticky-section-no\" data-id=\"0919551\" data-element_type=\"section\" data-e-type=\"section\">\n\t\t\t\t\t\t<div class=\"elementor-container elementor-column-gap-default\">\n\t\t\t\t\t<div class=\"elementor-column elementor-col-50 elementor-top-column elementor-element elementor-element-7c28211 exad-glass-effect-no exad-sticky-section-no\" data-id=\"7c28211\" data-element_type=\"column\" data-e-type=\"column\">\n\t\t\t<div class=\"elementor-widget-wrap elementor-element-populated\">\n\t\t\t\t\t\t<div class=\"elementor-element elementor-element-c060e5e exad-sticky-section-no exad-glass-effect-no elementor-widget elementor-widget-heading\" data-id=\"c060e5e\" data-element_type=\"widget\" data-e-type=\"widget\" data-widget_type=\"heading.default\">\n\t\t\t\t<div class=\"elementor-widget-container\">\n\t\t\t\t\t<h2 class=\"elementor-heading-title elementor-size-default\"> V\u0161eobecn\u00e1 hodnota vozidla<\/h2>\t\t\t\t<\/div>\n\t\t\t\t<\/div>\n\t\t\t\t<div class=\"elementor-element elementor-element-3a31d97 exad-sticky-section-no exad-glass-effect-no elementor-widget elementor-widget-text-editor\" data-id=\"3a31d97\" data-element_type=\"widget\" data-e-type=\"widget\" data-widget_type=\"text-editor.default\">\n\t\t\t\t<div class=\"elementor-widget-container\">\n\t\t\t\t\t\t\t\t\t<div class=\"sc-ec327e1c-3 gpVySL tally-block tally-block-text tally-block-e4f599c3-4e19-4ed4-9d97-a4835c0ed7df\"><div class=\"sc-6991af84-0 gpPzDM tally-text\">Na v\u0161eobecn\u00fa hodnotu a vyplaten\u00e9 poistn\u00e9 plnenie vpl\u00fdva ve\u013ea faktorov. Cez v\u00fdbavu, stav KM, vykonan\u00fdch servisn\u00fdch \u00fakonov platnos\u0165 STK a \u010di ste vozidlo mali evidovan\u00e9 na firmu alebo na s\u00fakromn\u00fa osobu.<\/div><\/div><div>\u00a0<\/div><div class=\"sc-ec327e1c-3 gpVySL tally-block tally-block-text tally-block-3c82e63d-a8f5-4c50-8ba0-485883b63763\"><div class=\"sc-6991af84-0 gpPzDM tally-text\"><div>Tot\u00e1lna \u0161koda znamen\u00e1, \u017ee n\u00e1klady na opravu s\u00fa vy\u0161\u0161ie, ako hodnota vozidla v nepo\u0161kodenom stave (pred nehodou) a teda je ekonomickej\u0161ie havarovan\u00e9 vozidlo preda\u0165 a k\u00fapi\u0165 si rovnak\u00e9 ojazden\u00e9 vozidlo, len v nepo\u0161kodenom stave.<\/div><div>Vypo\u010d\u00edtame v\u0161eobecn\u00fa hodnotu na\u0161im znalcom a vym\u00f4\u017eeme od pois\u0165ovne doplatok poistn\u00e9ho plnenia (pod\u013ea v\u00fdpo\u010dtu n\u00e1\u0161ho znalca).<\/div><div>\u00a0<\/div><\/div><\/div><div class=\"sc-ec327e1c-3 gpVySL tally-block tally-block-text tally-block-2bd24af8-33a4-46d2-8073-59d45dab33cb\"><div class=\"sc-6991af84-0 gpPzDM tally-text\"><strong>Cena slu\u017eby:<\/strong> Percentu\u00e1lna odmena vo v\u00fd\u0161ke 15% &#8211; 25% z re\u00e1lne vymo\u017een\u00e9ho doplatku. Odmenu odv\u00edjame od zlo\u017eitosti pr\u00edpadu a v\u00fd\u0161ky potenci\u00e1lneho doplatku. Ak nevym\u00f4\u017eeme ni\u010d, ni\u010d neplat\u00edte.<\/div><\/div>\t\t\t\t\t\t\t\t<\/div>\n\t\t\t\t<\/div>\n\t\t\t\t<div class=\"elementor-element elementor-element-b58c8a7 elementor-widget-divider--view-line exad-sticky-section-no exad-glass-effect-no elementor-widget elementor-widget-divider\" data-id=\"b58c8a7\" data-element_type=\"widget\" data-e-type=\"widget\" data-widget_type=\"divider.default\">\n\t\t\t\t<div class=\"elementor-widget-container\">\n\t\t\t\t\t\t\t<div class=\"elementor-divider\">\n\t\t\t<span class=\"elementor-divider-separator\">\n\t\t\t\t\t\t<\/span>\n\t\t<\/div>\n\t\t\t\t\t\t<\/div>\n\t\t\t\t<\/div>\n\t\t\t\t<div class=\"elementor-element elementor-element-0b001cc exad-sticky-section-no exad-glass-effect-no elementor-widget elementor-widget-heading\" data-id=\"0b001cc\" data-element_type=\"widget\" data-e-type=\"widget\" data-widget_type=\"heading.default\">\n\t\t\t\t<div class=\"elementor-widget-container\">\n\t\t\t\t\t<h2 class=\"elementor-heading-title elementor-size-default\">Oprava vozidla<\/h2>\t\t\t\t<\/div>\n\t\t\t\t<\/div>\n\t\t\t\t<div class=\"elementor-element elementor-element-bf53b89 elementor-widget-tablet__width-initial exad-sticky-section-no exad-glass-effect-no elementor-widget elementor-widget-text-editor\" data-id=\"bf53b89\" data-element_type=\"widget\" data-e-type=\"widget\" data-widget_type=\"text-editor.default\">\n\t\t\t\t<div class=\"elementor-widget-container\">\n\t\t\t\t\t\t\t\t\t<div class=\"sc-ec327e1c-3 gpVySL tally-block tally-block-text tally-block-db8567c3-7de0-46b2-b67b-2434106fea24\"><div class=\"sc-6991af84-0 gpPzDM tally-text\"><div class=\"sc-ec327e1c-3 gpVySL tally-block tally-block-text tally-block-db8567c3-7de0-46b2-b67b-2434106fea24\"><div class=\"sc-6991af84-0 gpPzDM tally-text\">Vyhodnotila pois\u0165ov\u0148a po\u0161kodenie ako tot\u00e1lne zni\u010den\u00e9? Va\u0161e havarovan\u00e9 vozidlo napriek tomu oprav\u00edme v jednom z na\u0161ich \u0161pi\u010dkov\u00fdch servisov v r\u00e1mci Slovenska a cel\u00fa vec s pois\u0165ov\u0148ou si dorie\u0161ime na vlastn\u00e9 n\u00e1klady a na vlastn\u00fa zodpovednos\u0165. Ako bonus dostanete n\u00e1hradn\u00e9 vozidlo po\u010das celej doby, \u010do budeme opravova\u0165 to va\u0161e.<\/div><div>\u00a0<\/div><\/div><div class=\"sc-ec327e1c-3 gpVySL tally-block tally-block-text tally-block-475747d9-8c38-4067-be44-db7b11a46c15\"><div class=\"sc-6991af84-0 gpPzDM tally-text\"><strong>Cena slu\u017eby: <\/strong>Vy neplat\u00edte ni\u010d. N\u00e1klady na opravu n\u00e1m uhr\u00e1dza priamo pois\u0165ov\u0148a.<\/div><\/div><\/div><\/div>\t\t\t\t\t\t\t\t<\/div>\n\t\t\t\t<\/div>\n\t\t\t\t<div class=\"elementor-element elementor-element-018f336 elementor-widget-divider--view-line exad-sticky-section-no exad-glass-effect-no elementor-widget elementor-widget-divider\" data-id=\"018f336\" data-element_type=\"widget\" data-e-type=\"widget\" data-widget_type=\"divider.default\">\n\t\t\t\t<div class=\"elementor-widget-container\">\n\t\t\t\t\t\t\t<div class=\"elementor-divider\">\n\t\t\t<span class=\"elementor-divider-separator\">\n\t\t\t\t\t\t<\/span>\n\t\t<\/div>\n\t\t\t\t\t\t<\/div>\n\t\t\t\t<\/div>\n\t\t\t\t<div class=\"elementor-element elementor-element-78946a9 exad-sticky-section-no exad-glass-effect-no elementor-widget elementor-widget-heading\" data-id=\"78946a9\" data-element_type=\"widget\" data-e-type=\"widget\" data-widget_type=\"heading.default\">\n\t\t\t\t<div class=\"elementor-widget-container\">\n\t\t\t\t\t<h2 class=\"elementor-heading-title elementor-size-default\">Na\u0161a dra\u017eba vozidla<\/h2>\t\t\t\t<\/div>\n\t\t\t\t<\/div>\n\t\t\t\t<div class=\"elementor-element elementor-element-149b81a exad-sticky-section-no exad-glass-effect-no elementor-widget elementor-widget-text-editor\" data-id=\"149b81a\" data-element_type=\"widget\" data-e-type=\"widget\" data-widget_type=\"text-editor.default\">\n\t\t\t\t<div class=\"elementor-widget-container\">\n\t\t\t\t\t\t\t\t\t<div class=\"sc-ec327e1c-3 gpVySL tally-block tally-block-text tally-block-4738bcaf-625d-4a70-a5ff-eac4d471cc99\"><div class=\"sc-6991af84-0 gpPzDM tally-text\">M\u00e1me vlastn\u00fa dra\u017ebu havarovan\u00fdch vozidiel, na ktorej vydra\u017e\u00edme aj va\u0161e havarovan\u00e9 vozidlo za vy\u0161\u0161iu sumu, ako v\u00e1m ho vydra\u017eila pois\u0165ov\u0148a.<\/div><div>\u00a0<\/div><\/div><div class=\"sc-ec327e1c-3 gpVySL tally-block tally-block-text tally-block-58184a74-5d54-45f2-97fc-c2308d29098b\"><div class=\"sc-6991af84-0 gpPzDM tally-text\"><strong>Cena Slu\u017eby:<\/strong> 50% z rozdielu vydra\u017een\u00fdch s\u00fam Pr\u00edklad: pois\u0165ov\u0148a vydra\u017eila vozidlo za 5 000 EUR, my vydra\u017e\u00edme vozidlo za 6 000 EUR. Na\u0161a odmena bude 50% z 1 000 EUR. Ak nevydra\u017e\u00edme za vy\u0161\u0161iu sumu, neplat\u00edte ni\u010d.<\/div><\/div>\t\t\t\t\t\t\t\t<\/div>\n\t\t\t\t<\/div>\n\t\t\t\t<div class=\"elementor-element elementor-element-394a6aa elementor-widget-divider--view-line exad-sticky-section-no exad-glass-effect-no elementor-widget elementor-widget-divider\" data-id=\"394a6aa\" data-element_type=\"widget\" data-e-type=\"widget\" data-widget_type=\"divider.default\">\n\t\t\t\t<div class=\"elementor-widget-container\">\n\t\t\t\t\t\t\t<div class=\"elementor-divider\">\n\t\t\t<span class=\"elementor-divider-separator\">\n\t\t\t\t\t\t<\/span>\n\t\t<\/div>\n\t\t\t\t\t\t<\/div>\n\t\t\t\t<\/div>\n\t\t\t\t<div class=\"elementor-element elementor-element-f0d3f8d exad-sticky-section-no exad-glass-effect-no elementor-widget elementor-widget-heading\" data-id=\"f0d3f8d\" data-element_type=\"widget\" data-e-type=\"widget\" data-widget_type=\"heading.default\">\n\t\t\t\t<div class=\"elementor-widget-container\">\n\t\t\t\t\t<h2 class=\"elementor-heading-title elementor-size-default\">N\u00e1hradn\u00e9 vozidlo po\u010das opravy vozidla<\/h2>\t\t\t\t<\/div>\n\t\t\t\t<\/div>\n\t\t\t\t<div class=\"elementor-element elementor-element-d23c9eb exad-sticky-section-no exad-glass-effect-no elementor-widget elementor-widget-text-editor\" data-id=\"d23c9eb\" data-element_type=\"widget\" data-e-type=\"widget\" data-widget_type=\"text-editor.default\">\n\t\t\t\t<div class=\"elementor-widget-container\">\n\t\t\t\t\t\t\t\t\t<div class=\"sc-ec327e1c-3 gpVySL tally-block tally-block-text tally-block-c03ada87-6582-4f7b-847f-d890591f7918\"><div class=\"sc-6991af84-0 gpPzDM tally-text\"><p><span style=\"color: #ff0000;\">Nie je pravdou, \u017ee po\u010das opravy \u0161kode nem\u00e1te n\u00e1rok na n\u00e1hradn\u00e9 vozidlo.<\/span><\/p><p>\u00a0<\/p><p>Vyu\u017eite na\u0161e n\u00e1hradn\u00e9 vozidl\u00e1 pri poistn\u00fdch udalostiach. N\u00e1klady na pren\u00e1jom n\u00e1m uhr\u00e1dza priamo pois\u0165ovate\u013e.<\/p><div>Vy si plat\u00edte iba krytie \u0161k\u00f4d pre pr\u00edpad, \u017ee by ste na\u0161im autom havarovali (tzv. &#8222;havarijn\u00e9 poistenie&#8220;).<\/div><div>Vozidlo m\u00f4\u017eete ma\u0165 od n\u00e1s po\u010das celej doby opravy.<\/div><\/div><\/div><div class=\"sc-ec327e1c-3 gpVySL tally-block tally-block-text tally-block-d1583875-86b7-47a5-8948-d6530bc8b054\"><div class=\"sc-6991af84-0 gpPzDM tally-text\">\u00a0<\/div><\/div><div class=\"sc-ec327e1c-3 gpVySL tally-block tally-block-text tally-block-33038363-b799-4868-b6f0-0d972cceb3c0\"><div class=\"sc-6991af84-0 gpPzDM tally-text\"><strong>Cena krytia \u0161k\u00f4d:<\/strong><\/div><\/div><div class=\"sc-ec327e1c-3 gpVySL tally-block tally-block-text tally-block-305e5035-63d6-4c60-8b30-57f753e2d3b6\"><div class=\"sc-6991af84-0 gpPzDM tally-text\"><p>0,99 EUR\/de\u0148 a\u017e 10,49 EUR\/de\u0148<\/p><div>Cena krytia z\u00e1vis\u00ed od zapo\u017ei\u010dan\u00e9ho auta. Ni\u017e\u0161ia trieda 0,99 EUR, luxusn\u00e1 trieda 10,49 EUR<\/div><\/div><\/div>\t\t\t\t\t\t\t\t<\/div>\n\t\t\t\t<\/div>\n\t\t\t\t<div class=\"elementor-element elementor-element-6187788 elementor-widget-divider--view-line exad-sticky-section-no exad-glass-effect-no elementor-widget elementor-widget-divider\" data-id=\"6187788\" data-element_type=\"widget\" data-e-type=\"widget\" data-widget_type=\"divider.default\">\n\t\t\t\t<div class=\"elementor-widget-container\">\n\t\t\t\t\t\t\t<div class=\"elementor-divider\">\n\t\t\t<span class=\"elementor-divider-separator\">\n\t\t\t\t\t\t<\/span>\n\t\t<\/div>\n\t\t\t\t\t\t<\/div>\n\t\t\t\t<\/div>\n\t\t\t\t<div class=\"elementor-element elementor-element-6b27685 exad-sticky-section-no exad-glass-effect-no elementor-widget elementor-widget-heading\" data-id=\"6b27685\" data-element_type=\"widget\" data-e-type=\"widget\" data-widget_type=\"heading.default\">\n\t\t\t\t<div class=\"elementor-widget-container\">\n\t\t\t\t\t<h2 class=\"elementor-heading-title elementor-size-default\">Konzult\u00e1cia poistnej udalosti<\/h2>\t\t\t\t<\/div>\n\t\t\t\t<\/div>\n\t\t\t\t<div class=\"elementor-element elementor-element-38af9a8 exad-sticky-section-no exad-glass-effect-no elementor-widget elementor-widget-text-editor\" data-id=\"38af9a8\" data-element_type=\"widget\" data-e-type=\"widget\" data-widget_type=\"text-editor.default\">\n\t\t\t\t<div class=\"elementor-widget-container\">\n\t\t\t\t\t\t\t\t\t<div class=\"sc-ec327e1c-3 gpVySL tally-block tally-block-text tally-block-c03ada87-6582-4f7b-847f-d890591f7918\"><div class=\"sc-6991af84-0 gpPzDM tally-text\"><div class=\"sc-ec327e1c-3 gpVySL tally-block tally-block-heading-3 tally-block-97109a78-cc2a-4564-b44b-9f44d95779cd\"><div class=\"sc-2f8dd9f4-0 gUQrdr\"><div class=\"sc-2f8dd9f4-1 jlGyOU title-content\">\u00a0<\/div><\/div><\/div><div class=\"sc-ec327e1c-3 gpVySL tally-block tally-block-text tally-block-f24e9ebc-ffba-4d20-b611-1e85fe015dcc\"><div class=\"sc-6991af84-0 gpPzDM tally-text\"><p>Konzultujte svoju poistn\u00fa udalos\u0165 s odborn\u00edkmi, ktor\u00fdch neprekvap\u00ed \u017eiadna va\u0161a ot\u00e1zka. Majte ihne\u010f jasno v tom, ako \u010falej postupova\u0165, na \u010do m\u00e1te n\u00e1rok, \u010do nezanedba\u0165, ak\u00e9 s\u00fa va\u0161e pr\u00e1va a povinnosti. Nie len \u017ee v\u010faka na\u0161im rad\u00e1m sa ur\u00fdchli vyplatenie poistn\u00e9ho plnenia, ale aj zn\u00ed\u017eite riziko zamietnutia alebo kr\u00e1tenia poistn\u00e9ho plnenia.<\/p><p>\u00a0<\/p><div><span style=\"color: #ff0000;\">\u010c\u00edm sk\u00f4r sa ozvete, t\u00fdm viac pre v\u00e1s vieme urobi\u0165 a pom\u00f4c\u0165 v\u00e1m.<\/span><\/div><\/div><\/div><\/div><\/div>\t\t\t\t\t\t\t\t<\/div>\n\t\t\t\t<\/div>\n\t\t\t\t\t<\/div>\n\t\t<\/div>\n\t\t\t\t<div class=\"elementor-column elementor-col-50 elementor-top-column elementor-element elementor-element-09f1e56 exad-glass-effect-no exad-sticky-section-no\" data-id=\"09f1e56\" data-element_type=\"column\" data-e-type=\"column\">\n\t\t\t<div class=\"elementor-widget-wrap elementor-element-populated\">\n\t\t\t\t\t\t<div class=\"elementor-element elementor-element-358b85e exad-sticky-section-no exad-glass-effect-no elementor-widget elementor-widget-image\" data-id=\"358b85e\" data-element_type=\"widget\" data-e-type=\"widget\" data-widget_type=\"image.default\">\n\t\t\t\t<div class=\"elementor-widget-container\">\n\t\t\t\t\t\t\t\t\t\t\t\t\t\t\t<img fetchpriority=\"high\" decoding=\"async\" width=\"600\" height=\"600\" src=\"https:\/\/aider.sk\/wp-content\/uploads\/2023\/09\/juraj-repcok-aider-odskodnovaci-expert-600x600-1.png\" class=\"attachment-large size-large wp-image-777\" alt=\"\" srcset=\"https:\/\/aider.sk\/wp-content\/uploads\/2023\/09\/juraj-repcok-aider-odskodnovaci-expert-600x600-1.png 600w, https:\/\/aider.sk\/wp-content\/uploads\/2023\/09\/juraj-repcok-aider-odskodnovaci-expert-600x600-1-300x300.png 300w, https:\/\/aider.sk\/wp-content\/uploads\/2023\/09\/juraj-repcok-aider-odskodnovaci-expert-600x600-1-150x150.png 150w, https:\/\/aider.sk\/wp-content\/uploads\/2023\/09\/juraj-repcok-aider-odskodnovaci-expert-600x600-1-100x100.png 100w\" sizes=\"(max-width: 600px) 100vw, 600px\" \/>\t\t\t\t\t\t\t\t\t\t\t\t\t\t\t<\/div>\n\t\t\t\t<\/div>\n\t\t\t\t<div class=\"elementor-element elementor-element-a9b5024 exad-sticky-section-no exad-glass-effect-no elementor-widget elementor-widget-text-editor\" data-id=\"a9b5024\" data-element_type=\"widget\" data-e-type=\"widget\" data-widget_type=\"text-editor.default\">\n\t\t\t\t<div class=\"elementor-widget-container\">\n\t\t\t\t\t\t\t\t\t<p style=\"text-align: center;\"><strong>Juraj Rep\u010dok<\/strong><\/p><p style=\"text-align: center;\">Expert na poistn\u00e9 udalosti<\/p>\t\t\t\t\t\t\t\t<\/div>\n\t\t\t\t<\/div>\n\t\t\t\t<div class=\"elementor-element elementor-element-b97bc55 exad-sticky-section-no exad-glass-effect-no elementor-widget elementor-widget-text-editor\" data-id=\"b97bc55\" data-element_type=\"widget\" data-e-type=\"widget\" data-widget_type=\"text-editor.default\">\n\t\t\t\t<div class=\"elementor-widget-container\">\n\t\t\t\t\t\t\t\t\t<p style=\"text-align: center;\"><b>Zanechajte n\u00e1m kontakt !<\/b><\/p>\t\t\t\t\t\t\t\t<\/div>\n\t\t\t\t<\/div>\n\t\t\t\t<div class=\"elementor-element elementor-element-7d054ab exad-sticky-section-no exad-glass-effect-no elementor-widget elementor-widget-shortcode\" data-id=\"7d054ab\" data-element_type=\"widget\" data-e-type=\"widget\" data-widget_type=\"shortcode.default\">\n\t\t\t\t<div class=\"elementor-widget-container\">\n\t\t\t\t\t\t\t<div class=\"elementor-shortcode\"><form id=\"forminator-module-3555\" class=\"forminator-custom-form forminator-custom-form-3555\" method=\"post\" data-forminator-render=\"0\" data-uid=\"69f2a75bd43c8\" action=\"\"><div role=\"alert\" aria-live=\"polite\" class=\"forminator-response-message forminator-error\" aria-hidden=\"true\"><\/div><input type=\"hidden\" name=\"trp-form-language\" value=\"en\"\/><\/form><\/div>\n\t\t\t\t\t\t<\/div>\n\t\t\t\t<\/div>\n\t\t\t\t<div class=\"elementor-element elementor-element-64847f8 elementor-align-center exad-sticky-section-no exad-glass-effect-no elementor-widget elementor-widget-button\" data-id=\"64847f8\" data-element_type=\"widget\" data-e-type=\"widget\" data-widget_type=\"button.default\">\n\t\t\t\t<div class=\"elementor-widget-container\">\n\t\t\t\t\t\t\t\t\t<div class=\"elementor-button-wrapper\">\n\t\t\t\t\t<a class=\"elementor-button elementor-button-link elementor-size-sm elementor-animation-grow\" href=\"\/en\/#sprievodca\">\n\t\t\t\t\t\t<span class=\"elementor-button-content-wrapper\">\n\t\t\t\t\t\t<span class=\"elementor-button-icon\">\n\t\t\t\t<i aria-hidden=\"true\" class=\"fas fa-angle-left\"><\/i>\t\t\t<\/span>\n\t\t\t\t\t\t\t\t\t<span class=\"elementor-button-text\">spa\u0165 na sprievodcu<\/span>\n\t\t\t\t\t<\/span>\n\t\t\t\t\t<\/a>\n\t\t\t\t<\/div>\n\t\t\t\t\t\t\t\t<\/div>\n\t\t\t\t<\/div>\n\t\t\t\t\t<\/div>\n\t\t<\/div>\n\t\t\t\t\t<\/div>\n\t\t<\/section>\n\t\t\t\t<section class=\"elementor-section elementor-top-section elementor-element elementor-element-e679c35 elementor-section-boxed elementor-section-height-default elementor-section-height-default exad-glass-effect-no exad-sticky-section-no\" data-id=\"e679c35\" data-element_type=\"section\" data-e-type=\"section\">\n\t\t\t\t\t\t<div class=\"elementor-container elementor-column-gap-default\">\n\t\t\t\t\t<div class=\"elementor-column elementor-col-100 elementor-top-column elementor-element elementor-element-7b8d41d exad-glass-effect-no exad-sticky-section-no\" data-id=\"7b8d41d\" data-element_type=\"column\" data-e-type=\"column\">\n\t\t\t<div class=\"elementor-widget-wrap\">\n\t\t\t\t\t\t\t<\/div>\n\t\t<\/div>\n\t\t\t\t\t<\/div>\n\t\t<\/section>\n\t\t\t\t<\/div>","protected":false},"excerpt":{"rendered":"<p>Na\u0161e slu\u017eby a rie\u0161enia pri Tot\u00e1lnej \u0160kody V\u0161eobecn\u00e1 hodnota vozidla Na v\u0161eobecn\u00fa hodnotu a vyplaten\u00e9 poistn\u00e9 plnenie vpl\u00fdva ve\u013ea faktorov. Cez v\u00fdbavu, stav KM, vykonan\u00fdch servisn\u00fdch \u00fakonov platnos\u0165 STK a \u010di ste vozidlo mali evidovan\u00e9 na firmu alebo na s\u00fakromn\u00fa osobu.\u00a0Tot\u00e1lna \u0161koda znamen\u00e1, \u017ee n\u00e1klady na opravu s\u00fa vy\u0161\u0161ie, ako hodnota vozidla v nepo\u0161kodenom stave [&hellip;]<\/p>","protected":false},"author":4,"featured_media":1172,"parent":0,"menu_order":0,"comment_status":"closed","ping_status":"closed","template":"","meta":{"_eb_attr":"","site-sidebar-layout":"no-sidebar","site-content-layout":"page-builder","ast-site-content-layout":"default","site-content-style":"default","site-sidebar-style":"default","ast-global-header-display":"","ast-banner-title-visibility":"","ast-main-header-display":"","ast-hfb-above-header-display":"","ast-hfb-below-header-display":"","ast-hfb-mobile-header-display":"","site-post-title":"disabled","ast-breadcrumbs-content":"","ast-featured-img":"disabled","footer-sml-layout":"","theme-transparent-header-meta":"","adv-header-id-meta":"","stick-header-meta":"","header-above-stick-meta":"","header-main-stick-meta":"","header-below-stick-meta":"","astra-migrate-meta-layouts":"default","ast-page-background-enabled":"default","ast-page-background-meta":{"desktop":{"background-color":"var(--ast-global-color-4)","background-image":"","background-repeat":"repeat","background-position":"center center","background-size":"auto","background-attachment":"scroll","background-type":"","background-media":"","overlay-type":"","overlay-color":"","overlay-opacity":"","overlay-gradient":""},"tablet":{"background-color":"","background-image":"","background-repeat":"repeat","background-position":"center center","background-size":"auto","background-attachment":"scroll","background-type":"","background-media":"","overlay-type":"","overlay-color":"","overlay-opacity":"","overlay-gradient":""},"mobile":{"background-color":"","background-image":"","background-repeat":"repeat","background-position":"center center","background-size":"auto","background-attachment":"scroll","background-type":"","background-media":"","overlay-type":"","overlay-color":"","overlay-opacity":"","overlay-gradient":""}},"ast-content-background-meta":{"desktop":{"background-color":"var(--ast-global-color-5)","background-image":"","background-repeat":"repeat","background-position":"center center","background-size":"auto","background-attachment":"scroll","background-type":"","background-media":"","overlay-type":"","overlay-color":"","overlay-opacity":"","overlay-gradient":""},"tablet":{"background-color":"var(--ast-global-color-5)","background-image":"","background-repeat":"repeat","background-position":"center center","background-size":"auto","background-attachment":"scroll","background-type":"","background-media":"","overlay-type":"","overlay-color":"","overlay-opacity":"","overlay-gradient":""},"mobile":{"background-color":"var(--ast-global-color-5)","background-image":"","background-repeat":"repeat","background-position":"center center","background-size":"auto","background-attachment":"scroll","background-type":"","background-media":"","overlay-type":"","overlay-color":"","overlay-opacity":"","overlay-gradient":""}},"footnotes":""},"class_list":["post-3719","page","type-page","status-publish","has-post-thumbnail","hentry"],"_links":{"self":[{"href":"https:\/\/aider.sk\/en\/wp-json\/wp\/v2\/pages\/3719","targetHints":{"allow":["GET"]}}],"collection":[{"href":"https:\/\/aider.sk\/en\/wp-json\/wp\/v2\/pages"}],"about":[{"href":"https:\/\/aider.sk\/en\/wp-json\/wp\/v2\/types\/page"}],"author":[{"embeddable":true,"href":"https:\/\/aider.sk\/en\/wp-json\/wp\/v2\/users\/4"}],"replies":[{"embeddable":true,"href":"https:\/\/aider.sk\/en\/wp-json\/wp\/v2\/comments?post=3719"}],"version-history":[{"count":0,"href":"https:\/\/aider.sk\/en\/wp-json\/wp\/v2\/pages\/3719\/revisions"}],"wp:featuredmedia":[{"embeddable":true,"href":"https:\/\/aider.sk\/en\/wp-json\/wp\/v2\/media\/1172"}],"wp:attachment":[{"href":"https:\/\/aider.sk\/en\/wp-json\/wp\/v2\/media?parent=3719"}],"curies":[{"name":"wp","href":"https:\/\/api.w.org\/{rel}","templated":true}]}}