{"id":2285,"date":"2023-12-01T18:40:55","date_gmt":"2023-12-01T17:40:55","guid":{"rendered":"https:\/\/aider.sk\/?page_id=2285"},"modified":"2025-10-07T18:10:34","modified_gmt":"2025-10-07T16:10:34","slug":"ako-fungujeme","status":"publish","type":"page","link":"https:\/\/aider.sk\/en\/ako-fungujeme\/","title":{"rendered":"Ako Fungujeme"},"content":{"rendered":"<div data-elementor-type=\"wp-page\" data-elementor-id=\"2285\" class=\"elementor elementor-2285\">\n\t\t\t\t\t\t<section class=\"elementor-section elementor-top-section elementor-element elementor-element-9bc0103 elementor-section-boxed elementor-section-height-default elementor-section-height-default exad-glass-effect-no exad-sticky-section-no\" data-id=\"9bc0103\" data-element_type=\"section\" data-e-type=\"section\">\n\t\t\t\t\t\t<div class=\"elementor-container elementor-column-gap-default\">\n\t\t\t\t\t<div class=\"elementor-column elementor-col-100 elementor-top-column elementor-element elementor-element-b5ba37d exad-glass-effect-no exad-sticky-section-no\" data-id=\"b5ba37d\" data-element_type=\"column\" data-e-type=\"column\">\n\t\t\t<div class=\"elementor-widget-wrap elementor-element-populated\">\n\t\t\t\t\t\t<div class=\"elementor-element elementor-element-a3a0445 exad-sticky-section-no exad-glass-effect-no elementor-widget elementor-widget-heading\" data-id=\"a3a0445\" data-element_type=\"widget\" data-e-type=\"widget\" data-widget_type=\"heading.default\">\n\t\t\t\t<div class=\"elementor-widget-container\">\n\t\t\t\t\t<h2 class=\"elementor-heading-title elementor-size-default\">Ako Fungujeme?<\/h2>\t\t\t\t<\/div>\n\t\t\t\t<\/div>\n\t\t\t\t\t<\/div>\n\t\t<\/div>\n\t\t\t\t\t<\/div>\n\t\t<\/section>\n\t\t\t\t<section class=\"elementor-section elementor-top-section elementor-element elementor-element-378d366 elementor-section-boxed elementor-section-height-default elementor-section-height-default exad-glass-effect-no exad-sticky-section-no\" data-id=\"378d366\" data-element_type=\"section\" data-e-type=\"section\">\n\t\t\t\t\t\t<div class=\"elementor-container elementor-column-gap-default\">\n\t\t\t\t\t<div class=\"elementor-column elementor-col-100 elementor-top-column elementor-element elementor-element-ecca11f exad-glass-effect-no exad-sticky-section-no\" data-id=\"ecca11f\" data-element_type=\"column\" data-e-type=\"column\">\n\t\t\t<div class=\"elementor-widget-wrap elementor-element-populated\">\n\t\t\t\t\t\t<div class=\"elementor-element elementor-element-7686947 elementor-widget-divider--view-line exad-sticky-section-no exad-glass-effect-no elementor-widget elementor-widget-divider\" data-id=\"7686947\" data-element_type=\"widget\" data-e-type=\"widget\" data-widget_type=\"divider.default\">\n\t\t\t\t<div class=\"elementor-widget-container\">\n\t\t\t\t\t\t\t<div class=\"elementor-divider\">\n\t\t\t<span class=\"elementor-divider-separator\">\n\t\t\t\t\t\t<\/span>\n\t\t<\/div>\n\t\t\t\t\t\t<\/div>\n\t\t\t\t<\/div>\n\t\t\t\t<div class=\"elementor-element elementor-element-d9180ae exad-sticky-section-no exad-glass-effect-no elementor-widget elementor-widget-text-editor\" data-id=\"d9180ae\" data-element_type=\"widget\" data-e-type=\"widget\" data-widget_type=\"text-editor.default\">\n\t\t\t\t<div class=\"elementor-widget-container\">\n\t\t\t\t\t\t\t\t\t<p style=\"text-align: left;\"><span style=\"font-weight: 400;\">\u010casto sa p\u00fdtate, ako presne fungujeme a <strong>ak\u00e9 n\u00e1klady m\u00f4\u017eete o\u010dak\u00e1va\u0165 pri vyu\u017eit\u00ed na\u0161ich slu\u017eieb<\/strong>. Vieme, \u017ee v\u00a0 boji proti pois\u0165ovni v\u00e1s \u010dasto odr\u00e1dza my\u0161lienka na \u010das, nervy a financie ktor\u00e9 v\u00e1s to bude st\u00e1\u0165.\u00a0<br \/><br \/><\/span><\/p><p style=\"text-align: left;\"><span style=\"font-weight: 400;\"><strong>V AIDERi<\/strong> sme sa zaviazali k tomu, aby sme v\u00e1m poskytovali pomoc <strong>bez<\/strong> \u010fal\u0161\u00edch<strong> finan\u010dn\u00fdch \u0165a\u017ekost\u00ed.<\/strong> A\u017e 90% na\u0161ich slu\u017eieb funguje na z\u00e1klade toho, \u017ee ak sa n\u00e1m nepodar\u00ed dosiahnu\u0165 kompenz\u00e1ciu od pois\u0165ovne, na\u0161a odmena je nulov\u00e1.<\/span><\/p><p style=\"text-align: left;\">\u00a0<\/p><p style=\"text-align: left;\"><span style=\"font-weight: 400;\">Vy teda <strong>ni\u010d za na\u0161e slu\u017eby neplat\u00edte<\/strong>, na\u0161a odmena je \u010das\u0165\u00a0 z\u00a0v\u00fdslednej sumy ktor\u00fa vym\u00f4\u017eeme.<\/span><\/p><p style=\"text-align: left;\"><span style=\"font-weight: 400;\">Tento princ\u00edp je z\u00e1kladom v\u00e4\u010d\u0161iny na\u0161ich slu\u017eieb a posil\u0148uje na\u0161u snahu dosiahnu\u0165 \u00faspech v boji s pois\u0165ov\u0148ou. Sme tu, aby sme v\u00e1m pomohli bez ob\u00e1v o \u010fal\u0161ie n\u00e1klady \u010di o\u00a0stratu \u010dasu a s cie\u013eom by\u0165 \u010do naj\u00faspe\u0161nej\u0161\u00ed v dosiahnut\u00ed va\u0161ich pr\u00e1v.<\/span><\/p><p style=\"text-align: left;\">\u00a0<\/p><p style=\"text-align: left;\"><span style=\"font-weight: 400;\">Na za\u010diatku na\u0161ej spolupr\u00e1ce n\u00e1m vysvetl\u00edte \u010do v\u00e1s tr\u00e1pi. My v\u00e1m potom jasne vysvetl\u00edme, ak\u00fd postup je pre v\u00e1s ten najvhodnej\u0161\u00ed. Po poskytnut\u00ed celej dokument\u00e1cie k va\u0161ej poistnej udalosti m\u00f4\u017eeme za\u010da\u0165 robi\u0165 to, \u010do rob\u00edme najlep\u0161ie a to je boj za va\u0161e pr\u00e1va s pois\u0165ov\u0148ami.<\/span><\/p><p style=\"text-align: left;\">\u00a0<\/p><p style=\"text-align: left;\"><span style=\"font-weight: 400;\">Na\u0161ou \u00falohou je prevzia\u0165 na seba cel\u00e9 riziko, ktor\u00e9 by inak spo\u010d\u00edvalo na v\u00e1s. Priamo bojujeme za v\u00e1s s pois\u0165ov\u0148ou a v pr\u00edpade potreby\u00a0 sa nevyh\u00fdbame ani s\u00fadnym sporom.<\/span><\/p><p style=\"text-align: left;\"><span style=\"font-weight: 400;\">Oproti mnoh\u00fdm advok\u00e1tskym kancel\u00e1ri\u00e1m, ktor\u00e9 maj\u00fa \u0161irok\u00e9 pole z\u00e1ujmu, sa my venujeme v\u00fdhradne ochrane po\u0161koden\u00fdch os\u00f4b pri dopravn\u00fdch nehod\u00e1ch. V tejto oblasti sme \u0161pecialistami, a to nielen z pr\u00e1vneho h\u013eadiska, ale aj z technick\u00e9ho.<\/span><\/p><p style=\"text-align: left;\">\u00a0<\/p><p style=\"text-align: left;\"><span style=\"font-weight: 400;\">M\u00e1me za sebou mno\u017estvo \u00faspe\u0161n\u00fdch mimos\u00fadnych aj s\u00fadnych sporov s pois\u0165ov\u0148ami. <strong>U\u017e m\u00e1me vybudovan\u00fa renom\u00e9 a pois\u0165ovne n\u00e1s dobre poznaj\u00fa.<\/strong><\/span><\/p>\t\t\t\t\t\t\t\t<\/div>\n\t\t\t\t<\/div>\n\t\t\t\t<div class=\"elementor-element elementor-element-5beabb7 elementor-widget-divider--view-line exad-sticky-section-no exad-glass-effect-no elementor-widget elementor-widget-divider\" data-id=\"5beabb7\" data-element_type=\"widget\" data-e-type=\"widget\" data-widget_type=\"divider.default\">\n\t\t\t\t<div class=\"elementor-widget-container\">\n\t\t\t\t\t\t\t<div class=\"elementor-divider\">\n\t\t\t<span class=\"elementor-divider-separator\">\n\t\t\t\t\t\t<\/span>\n\t\t<\/div>\n\t\t\t\t\t\t<\/div>\n\t\t\t\t<\/div>\n\t\t\t\t\t<\/div>\n\t\t<\/div>\n\t\t\t\t\t<\/div>\n\t\t<\/section>\n\t\t\t\t<section class=\"elementor-section elementor-top-section elementor-element elementor-element-071b845 elementor-section-boxed elementor-section-height-default elementor-section-height-default exad-glass-effect-no exad-sticky-section-no\" data-id=\"071b845\" data-element_type=\"section\" data-e-type=\"section\">\n\t\t\t\t\t\t<div class=\"elementor-container elementor-column-gap-default\">\n\t\t\t\t\t<div class=\"elementor-column elementor-col-100 elementor-top-column elementor-element elementor-element-46958eb exad-glass-effect-no exad-sticky-section-no\" data-id=\"46958eb\" data-element_type=\"column\" data-e-type=\"column\">\n\t\t\t<div class=\"elementor-widget-wrap elementor-element-populated\">\n\t\t\t\t\t\t<div class=\"elementor-element elementor-element-a1e83da exad-sticky-section-no exad-glass-effect-no elementor-widget elementor-widget-text-editor\" data-id=\"a1e83da\" data-element_type=\"widget\" data-e-type=\"widget\" data-widget_type=\"text-editor.default\">\n\t\t\t\t<div class=\"elementor-widget-container\">\n\t\t\t\t\t\t\t\t\t<p style=\"text-align: center;\"><strong>Nev\u00e1hajte n\u00e1s kontaktova\u0165 a presved\u010dte sa sami o na\u0161ich schopnostiach\ud83d\ude0a.<\/strong><\/p>\t\t\t\t\t\t\t\t<\/div>\n\t\t\t\t<\/div>\n\t\t\t\t\t<\/div>\n\t\t<\/div>\n\t\t\t\t\t<\/div>\n\t\t<\/section>\n\t\t\t\t<section class=\"elementor-section elementor-top-section elementor-element elementor-element-8fed463 elementor-section-boxed elementor-section-height-default elementor-section-height-default exad-glass-effect-no exad-sticky-section-no\" data-id=\"8fed463\" data-element_type=\"section\" data-e-type=\"section\">\n\t\t\t\t\t\t<div class=\"elementor-container elementor-column-gap-default\">\n\t\t\t\t\t<div class=\"elementor-column elementor-col-100 elementor-top-column elementor-element elementor-element-eef66ee exad-glass-effect-no exad-sticky-section-no\" data-id=\"eef66ee\" data-element_type=\"column\" data-e-type=\"column\" data-settings=\"{&quot;background_background&quot;:&quot;classic&quot;}\">\n\t\t\t<div class=\"elementor-widget-wrap elementor-element-populated\">\n\t\t\t\t\t\t<section class=\"elementor-section elementor-inner-section elementor-element elementor-element-ca442b5 elementor-section-boxed elementor-section-height-default elementor-section-height-default exad-glass-effect-no exad-sticky-section-no\" data-id=\"ca442b5\" data-element_type=\"section\" data-e-type=\"section\">\n\t\t\t\t\t\t<div class=\"elementor-container elementor-column-gap-default\">\n\t\t\t\t\t<div class=\"elementor-column elementor-col-50 elementor-inner-column elementor-element elementor-element-8fb13b5 exad-glass-effect-no exad-sticky-section-no\" data-id=\"8fb13b5\" data-element_type=\"column\" data-e-type=\"column\">\n\t\t\t<div class=\"elementor-widget-wrap elementor-element-populated\">\n\t\t\t\t\t\t<div class=\"elementor-element elementor-element-7e4ebc7 exad-sticky-section-no exad-glass-effect-no elementor-widget elementor-widget-heading\" data-id=\"7e4ebc7\" data-element_type=\"widget\" data-e-type=\"widget\" data-widget_type=\"heading.default\">\n\t\t\t\t<div class=\"elementor-widget-container\">\n\t\t\t\t\t<h2 class=\"elementor-heading-title elementor-size-default\">Zanechajte n\u00e1m kontakt !<\/h2>\t\t\t\t<\/div>\n\t\t\t\t<\/div>\n\t\t\t\t<div class=\"elementor-element elementor-element-e015ba2 exad-sticky-section-no exad-glass-effect-no elementor-widget elementor-widget-shortcode\" data-id=\"e015ba2\" data-element_type=\"widget\" data-e-type=\"widget\" data-widget_type=\"shortcode.default\">\n\t\t\t\t<div class=\"elementor-widget-container\">\n\t\t\t\t\t\t\t<div class=\"elementor-shortcode\"><form id=\"forminator-module-2432\" class=\"forminator-custom-form forminator-custom-form-2432\" method=\"post\" data-forminator-render=\"0\" data-uid=\"69f1f0ad2ee1c\" action=\"\"><div role=\"alert\" aria-live=\"polite\" class=\"forminator-response-message forminator-error\" aria-hidden=\"true\"><\/div><input type=\"hidden\" name=\"trp-form-language\" value=\"en\"\/><\/form><\/div>\n\t\t\t\t\t\t<\/div>\n\t\t\t\t<\/div>\n\t\t\t\t\t<\/div>\n\t\t<\/div>\n\t\t\t\t<div class=\"elementor-column elementor-col-50 elementor-inner-column elementor-element elementor-element-1a95e50 exad-glass-effect-no exad-sticky-section-no\" data-id=\"1a95e50\" data-element_type=\"column\" data-e-type=\"column\">\n\t\t\t<div class=\"elementor-widget-wrap elementor-element-populated\">\n\t\t\t\t\t\t<div class=\"elementor-element elementor-element-d6ffac5 exad-sticky-section-no exad-glass-effect-no elementor-widget elementor-widget-heading\" data-id=\"d6ffac5\" data-element_type=\"widget\" data-e-type=\"widget\" data-widget_type=\"heading.default\">\n\t\t\t\t<div class=\"elementor-widget-container\">\n\t\t\t\t\t<h2 class=\"elementor-heading-title elementor-size-default\">Zavolajte alebo nap\u00ed\u0161te n\u00e1m!<\/h2>\t\t\t\t<\/div>\n\t\t\t\t<\/div>\n\t\t\t\t<div class=\"elementor-element elementor-element-a60eecd exad-sticky-section-no exad-glass-effect-no elementor-widget elementor-widget-heading\" data-id=\"a60eecd\" data-element_type=\"widget\" data-e-type=\"widget\" data-widget_type=\"heading.default\">\n\t\t\t\t<div class=\"elementor-widget-container\">\n\t\t\t\t\t<h2 class=\"elementor-heading-title elementor-size-default\"><a href=\"tel:+421948878717\">+421 948 87 87 17<\/a><\/h2>\t\t\t\t<\/div>\n\t\t\t\t<\/div>\n\t\t\t\t<div class=\"elementor-element elementor-element-aa901fb exad-sticky-section-no exad-glass-effect-no elementor-widget elementor-widget-heading\" data-id=\"aa901fb\" data-element_type=\"widget\" data-e-type=\"widget\" data-widget_type=\"heading.default\">\n\t\t\t\t<div class=\"elementor-widget-container\">\n\t\t\t\t\t<h2 class=\"elementor-heading-title elementor-size-default\"><a href=\"mailto:info@aider.sk\">info@aider.sk<\/a><\/h2>\t\t\t\t<\/div>\n\t\t\t\t<\/div>\n\t\t\t\t\t<\/div>\n\t\t<\/div>\n\t\t\t\t\t<\/div>\n\t\t<\/section>\n\t\t\t\t\t<\/div>\n\t\t<\/div>\n\t\t\t\t\t<\/div>\n\t\t<\/section>\n\t\t\t\t<\/div>","protected":false},"excerpt":{"rendered":"<p>Ako Fungujeme? \u010casto sa p\u00fdtate, ako presne fungujeme a ak\u00e9 n\u00e1klady m\u00f4\u017eete o\u010dak\u00e1va\u0165 pri vyu\u017eit\u00ed na\u0161ich slu\u017eieb. Vieme, \u017ee v\u00a0 boji proti pois\u0165ovni v\u00e1s \u010dasto odr\u00e1dza my\u0161lienka na \u010das, nervy a financie ktor\u00e9 v\u00e1s to bude st\u00e1\u0165.\u00a0 V AIDERi sme sa zaviazali k tomu, aby sme v\u00e1m poskytovali pomoc bez \u010fal\u0161\u00edch finan\u010dn\u00fdch \u0165a\u017ekost\u00ed. A\u017e 90% [&hellip;]<\/p>","protected":false},"author":4,"featured_media":2085,"parent":0,"menu_order":0,"comment_status":"closed","ping_status":"closed","template":"","meta":{"_eb_attr":"","site-sidebar-layout":"no-sidebar","site-content-layout":"page-builder","ast-site-content-layout":"full-width-container","site-content-style":"unboxed","site-sidebar-style":"unboxed","ast-global-header-display":"","ast-banner-title-visibility":"","ast-main-header-display":"","ast-hfb-above-header-display":"","ast-hfb-below-header-display":"","ast-hfb-mobile-header-display":"","site-post-title":"disabled","ast-breadcrumbs-content":"","ast-featured-img":"disabled","footer-sml-layout":"","theme-transparent-header-meta":"","adv-header-id-meta":"","stick-header-meta":"","header-above-stick-meta":"","header-main-stick-meta":"","header-below-stick-meta":"","astra-migrate-meta-layouts":"set","ast-page-background-enabled":"default","ast-page-background-meta":{"desktop":{"background-color":"var(--ast-global-color-4)","background-image":"","background-repeat":"repeat","background-position":"center center","background-size":"auto","background-attachment":"scroll","background-type":"","background-media":"","overlay-type":"","overlay-color":"","overlay-opacity":"","overlay-gradient":""},"tablet":{"background-color":"","background-image":"","background-repeat":"repeat","background-position":"center center","background-size":"auto","background-attachment":"scroll","background-type":"","background-media":"","overlay-type":"","overlay-color":"","overlay-opacity":"","overlay-gradient":""},"mobile":{"background-color":"","background-image":"","background-repeat":"repeat","background-position":"center center","background-size":"auto","background-attachment":"scroll","background-type":"","background-media":"","overlay-type":"","overlay-color":"","overlay-opacity":"","overlay-gradient":""}},"ast-content-background-meta":{"desktop":{"background-color":"var(--ast-global-color-5)","background-image":"","background-repeat":"repeat","background-position":"center center","background-size":"auto","background-attachment":"scroll","background-type":"","background-media":"","overlay-type":"","overlay-color":"","overlay-opacity":"","overlay-gradient":""},"tablet":{"background-color":"var(--ast-global-color-5)","background-image":"","background-repeat":"repeat","background-position":"center center","background-size":"auto","background-attachment":"scroll","background-type":"","background-media":"","overlay-type":"","overlay-color":"","overlay-opacity":"","overlay-gradient":""},"mobile":{"background-color":"var(--ast-global-color-5)","background-image":"","background-repeat":"repeat","background-position":"center center","background-size":"auto","background-attachment":"scroll","background-type":"","background-media":"","overlay-type":"","overlay-color":"","overlay-opacity":"","overlay-gradient":""}},"footnotes":""},"class_list":["post-2285","page","type-page","status-publish","has-post-thumbnail","hentry"],"_links":{"self":[{"href":"https:\/\/aider.sk\/en\/wp-json\/wp\/v2\/pages\/2285","targetHints":{"allow":["GET"]}}],"collection":[{"href":"https:\/\/aider.sk\/en\/wp-json\/wp\/v2\/pages"}],"about":[{"href":"https:\/\/aider.sk\/en\/wp-json\/wp\/v2\/types\/page"}],"author":[{"embeddable":true,"href":"https:\/\/aider.sk\/en\/wp-json\/wp\/v2\/users\/4"}],"replies":[{"embeddable":true,"href":"https:\/\/aider.sk\/en\/wp-json\/wp\/v2\/comments?post=2285"}],"version-history":[{"count":2,"href":"https:\/\/aider.sk\/en\/wp-json\/wp\/v2\/pages\/2285\/revisions"}],"predecessor-version":[{"id":7240,"href":"https:\/\/aider.sk\/en\/wp-json\/wp\/v2\/pages\/2285\/revisions\/7240"}],"wp:featuredmedia":[{"embeddable":true,"href":"https:\/\/aider.sk\/en\/wp-json\/wp\/v2\/media\/2085"}],"wp:attachment":[{"href":"https:\/\/aider.sk\/en\/wp-json\/wp\/v2\/media?parent=2285"}],"curies":[{"name":"wp","href":"https:\/\/api.w.org\/{rel}","templated":true}]}}