{"id":1243,"date":"2023-10-15T20:47:43","date_gmt":"2023-10-15T19:47:43","guid":{"rendered":"https:\/\/aider.sk\/?page_id=1243"},"modified":"2025-04-17T15:48:33","modified_gmt":"2025-04-17T13:48:33","slug":"cennik","status":"publish","type":"page","link":"https:\/\/aider.sk\/en\/cennik\/","title":{"rendered":"Cenn\u00edk"},"content":{"rendered":"<div data-elementor-type=\"wp-page\" data-elementor-id=\"1243\" class=\"elementor elementor-1243\">\n\t\t\t\t\t\t<section class=\"elementor-section elementor-top-section elementor-element elementor-element-1a34c78 elementor-section-boxed elementor-section-height-default elementor-section-height-default exad-glass-effect-no exad-sticky-section-no\" data-id=\"1a34c78\" data-element_type=\"section\" data-e-type=\"section\">\n\t\t\t\t\t\t<div class=\"elementor-container elementor-column-gap-default\">\n\t\t\t\t\t<div class=\"elementor-column elementor-col-100 elementor-top-column elementor-element elementor-element-6bd5d80 exad-glass-effect-no exad-sticky-section-no\" data-id=\"6bd5d80\" data-element_type=\"column\" data-e-type=\"column\">\n\t\t\t<div class=\"elementor-widget-wrap elementor-element-populated\">\n\t\t\t\t\t\t<div class=\"elementor-element elementor-element-50f94b4 exad-sticky-section-no exad-glass-effect-no elementor-widget elementor-widget-heading\" data-id=\"50f94b4\" data-element_type=\"widget\" data-e-type=\"widget\" data-widget_type=\"heading.default\">\n\t\t\t\t<div class=\"elementor-widget-container\">\n\t\t\t\t\t<h2 class=\"elementor-heading-title elementor-size-default\">Cenn\u00edk<\/h2>\t\t\t\t<\/div>\n\t\t\t\t<\/div>\n\t\t\t\t\t<\/div>\n\t\t<\/div>\n\t\t\t\t\t<\/div>\n\t\t<\/section>\n\t\t\t\t<section class=\"elementor-section elementor-top-section elementor-element elementor-element-66642d9 elementor-section-boxed elementor-section-height-default elementor-section-height-default exad-glass-effect-no exad-sticky-section-no\" data-id=\"66642d9\" data-element_type=\"section\" data-e-type=\"section\">\n\t\t\t\t\t\t<div class=\"elementor-container elementor-column-gap-default\">\n\t\t\t\t\t<div class=\"elementor-column elementor-col-100 elementor-top-column elementor-element elementor-element-c536415 exad-glass-effect-no exad-sticky-section-no\" data-id=\"c536415\" data-element_type=\"column\" data-e-type=\"column\">\n\t\t\t<div class=\"elementor-widget-wrap elementor-element-populated\">\n\t\t\t\t\t\t<div class=\"elementor-element elementor-element-7e7d1ee exad-sticky-section-no exad-glass-effect-no elementor-widget elementor-widget-heading\" data-id=\"7e7d1ee\" data-element_type=\"widget\" data-e-type=\"widget\" data-widget_type=\"heading.default\">\n\t\t\t\t<div class=\"elementor-widget-container\">\n\t\t\t\t\t<h2 class=\"elementor-heading-title elementor-size-default\">Slu\u017eby pri vym\u00e1han\u00ed poistn\u00e9ho plnenia (s\u00fadne \/ mimos\u00fadne)<\/h2>\t\t\t\t<\/div>\n\t\t\t\t<\/div>\n\t\t\t\t\t<\/div>\n\t\t<\/div>\n\t\t\t\t\t<\/div>\n\t\t<\/section>\n\t\t\t\t<section class=\"elementor-section elementor-top-section elementor-element elementor-element-0038cfd elementor-section-boxed elementor-section-height-default elementor-section-height-default exad-glass-effect-no exad-sticky-section-no\" data-id=\"0038cfd\" data-element_type=\"section\" data-e-type=\"section\">\n\t\t\t\t\t\t<div class=\"elementor-container elementor-column-gap-default\">\n\t\t\t\t\t<div class=\"elementor-column elementor-col-100 elementor-top-column elementor-element elementor-element-0c183e1 exad-glass-effect-no exad-sticky-section-no\" data-id=\"0c183e1\" data-element_type=\"column\" data-e-type=\"column\">\n\t\t\t<div class=\"elementor-widget-wrap elementor-element-populated\">\n\t\t\t\t\t\t<div class=\"elementor-element elementor-element-5c6c003 exad-sticky-section-no exad-glass-effect-no elementor-widget elementor-widget-exad-pricing-menu\" data-id=\"5c6c003\" data-element_type=\"widget\" data-e-type=\"widget\" data-widget_type=\"exad-pricing-menu.default\">\n\t\t\t\t<div class=\"elementor-widget-container\">\n\t\t\t\t\t        <div class=\"exad-pricing-list\">\r\n            <div class=\"exad-pricing-list-wrapper\">\r\n                            <div class=\"elementor-repeater-item-d358cf8 exad-pricing-list-item\">\r\n                    \r\n                    <div class=\"exad-pricing-list-item-content price_pos_right\">\r\n                        <div class=\"exad-pricing-list-item-content-inner\">\r\n                            <div class=\"exad-pricing-title\">\r\n                                                                        <h5 class=\"exad-pricing-list-item-content-title\">Telefonick\u00e1 konzult\u00e1cia poistn\u00fdch udalost\u00ed <\/h5>\r\n                                \r\n                                                                        <span class=\"exad-pricing-list-item-content-conntector\"><\/span>\r\n                                <div class=\"exad-pricing-list-item-price\"><span>bezplatne<\/span><\/div>                            <\/div>\r\n\r\n                                                            <p class=\"exad-pricing-list-item-content-description\">\r\n                                    neobmedzene 1 udalos\u0165 + pos\u00fadenie pr\u00edpadu                                <\/p>\r\n                                                        <\/div>\r\n                                            <\/div>\r\n                <\/div>\r\n                            <div class=\"elementor-repeater-item-7f319a6 exad-pricing-list-item\">\r\n                    \r\n                    <div class=\"exad-pricing-list-item-content price_pos_right\">\r\n                        <div class=\"exad-pricing-list-item-content-inner\">\r\n                            <div class=\"exad-pricing-title\">\r\n                                                                        <h5 class=\"exad-pricing-list-item-content-title\">Zastupovanie pri vym\u00e1han\u00ed poistn\u00e9ho plnenia<\/h5>\r\n                                \r\n                                                                        <span class=\"exad-pricing-list-item-content-conntector\"><\/span>\r\n                                <div class=\"exad-pricing-list-item-price\"><span>dohodou<\/span><\/div>                            <\/div>\r\n\r\n                                                            <p class=\"exad-pricing-list-item-content-description\">\r\n                                     percentu\u00e1lna sadzba z prijat\u00e9ho plnenia v z\u00e1vislosti od n\u00e1ro\u010dnosti pr\u00edpadu. Plat\u00edte a\u017e po prijat\u00ed platby na z\u00e1klade na\u0161ej aktivity                                <\/p>\r\n                                                        <\/div>\r\n                                            <\/div>\r\n                <\/div>\r\n                        <\/div>\r\n        <\/div>\r\n    \t\t\t\t<\/div>\n\t\t\t\t<\/div>\n\t\t\t\t<div class=\"elementor-element elementor-element-51022ca elementor-widget-divider--view-line exad-sticky-section-no exad-glass-effect-no elementor-widget elementor-widget-divider\" data-id=\"51022ca\" data-element_type=\"widget\" data-e-type=\"widget\" data-widget_type=\"divider.default\">\n\t\t\t\t<div class=\"elementor-widget-container\">\n\t\t\t\t\t\t\t<div class=\"elementor-divider\">\n\t\t\t<span class=\"elementor-divider-separator\">\n\t\t\t\t\t\t<\/span>\n\t\t<\/div>\n\t\t\t\t\t\t<\/div>\n\t\t\t\t<\/div>\n\t\t\t\t\t<\/div>\n\t\t<\/div>\n\t\t\t\t\t<\/div>\n\t\t<\/section>\n\t\t\t\t<section class=\"elementor-section elementor-top-section elementor-element elementor-element-c985a0d elementor-section-boxed elementor-section-height-default elementor-section-height-default exad-glass-effect-no exad-sticky-section-no\" data-id=\"c985a0d\" data-element_type=\"section\" data-e-type=\"section\">\n\t\t\t\t\t\t<div class=\"elementor-container elementor-column-gap-default\">\n\t\t\t\t\t<div class=\"elementor-column elementor-col-100 elementor-top-column elementor-element elementor-element-79fc533 exad-glass-effect-no exad-sticky-section-no\" data-id=\"79fc533\" data-element_type=\"column\" data-e-type=\"column\">\n\t\t\t<div class=\"elementor-widget-wrap elementor-element-populated\">\n\t\t\t\t\t\t<div class=\"elementor-element elementor-element-1d19435 exad-sticky-section-no exad-glass-effect-no elementor-widget elementor-widget-heading\" data-id=\"1d19435\" data-element_type=\"widget\" data-e-type=\"widget\" data-widget_type=\"heading.default\">\n\t\t\t\t<div class=\"elementor-widget-container\">\n\t\t\t\t\t<h2 class=\"elementor-heading-title elementor-size-default\">Dra\u017eba vozidiel<\/h2>\t\t\t\t<\/div>\n\t\t\t\t<\/div>\n\t\t\t\t\t<\/div>\n\t\t<\/div>\n\t\t\t\t\t<\/div>\n\t\t<\/section>\n\t\t\t\t<section class=\"elementor-section elementor-top-section elementor-element elementor-element-a15ea79 elementor-section-boxed elementor-section-height-default elementor-section-height-default exad-glass-effect-no exad-sticky-section-no\" data-id=\"a15ea79\" data-element_type=\"section\" data-e-type=\"section\">\n\t\t\t\t\t\t<div class=\"elementor-container elementor-column-gap-default\">\n\t\t\t\t\t<div class=\"elementor-column elementor-col-100 elementor-top-column elementor-element elementor-element-5da5a8f exad-glass-effect-no exad-sticky-section-no\" data-id=\"5da5a8f\" data-element_type=\"column\" data-e-type=\"column\">\n\t\t\t<div class=\"elementor-widget-wrap elementor-element-populated\">\n\t\t\t\t\t\t<div class=\"elementor-element elementor-element-62400b3 exad-sticky-section-no exad-glass-effect-no elementor-widget elementor-widget-exad-pricing-menu\" data-id=\"62400b3\" data-element_type=\"widget\" data-e-type=\"widget\" data-widget_type=\"exad-pricing-menu.default\">\n\t\t\t\t<div class=\"elementor-widget-container\">\n\t\t\t\t\t        <div class=\"exad-pricing-list\">\r\n            <div class=\"exad-pricing-list-wrapper\">\r\n                            <div class=\"elementor-repeater-item-d358cf8 exad-pricing-list-item\">\r\n                    \r\n                    <div class=\"exad-pricing-list-item-content price_pos_right\">\r\n                        <div class=\"exad-pricing-list-item-content-inner\">\r\n                            <div class=\"exad-pricing-title\">\r\n                                                                        <h5 class=\"exad-pricing-list-item-content-title\">Dra\u017eba Vozidla<\/h5>\r\n                                \r\n                                                                        <span class=\"exad-pricing-list-item-content-conntector\"><\/span>\r\n                                <div class=\"exad-pricing-list-item-price\"><span>50 % z rozdielu<\/span><\/div>                            <\/div>\r\n\r\n                                                            <p class=\"exad-pricing-list-item-content-description\">\r\n                                    Polovica rozdielu medzi hodnotou vraku stanovenou pois\u0165ov\u0148ou a t\u00fdm, za \u010do sa vozidlo vydra\u017e\u00ed v na\u0161ej dra\u017ebe.\n\nAk pois\u0165ov\u0148a stanov\u00ed hodnotu vraku na 5 000 EUR a vydra\u017e\u00ed sa u n\u00e1s za 6 000 EUR, na\u0161a odmena bude polovica z 1 000 EUR, \u010di\u017ee 500 EUR.                                <\/p>\r\n                                                        <\/div>\r\n                                            <\/div>\r\n                <\/div>\r\n                        <\/div>\r\n        <\/div>\r\n    \t\t\t\t<\/div>\n\t\t\t\t<\/div>\n\t\t\t\t<div class=\"elementor-element elementor-element-dd67e9c elementor-widget-divider--view-line exad-sticky-section-no exad-glass-effect-no elementor-widget elementor-widget-divider\" data-id=\"dd67e9c\" data-element_type=\"widget\" data-e-type=\"widget\" data-widget_type=\"divider.default\">\n\t\t\t\t<div class=\"elementor-widget-container\">\n\t\t\t\t\t\t\t<div class=\"elementor-divider\">\n\t\t\t<span class=\"elementor-divider-separator\">\n\t\t\t\t\t\t<\/span>\n\t\t<\/div>\n\t\t\t\t\t\t<\/div>\n\t\t\t\t<\/div>\n\t\t\t\t\t<\/div>\n\t\t<\/div>\n\t\t\t\t\t<\/div>\n\t\t<\/section>\n\t\t\t\t<section class=\"elementor-section elementor-top-section elementor-element elementor-element-8132b4c elementor-section-boxed elementor-section-height-default elementor-section-height-default exad-glass-effect-no exad-sticky-section-no\" data-id=\"8132b4c\" data-element_type=\"section\" data-e-type=\"section\">\n\t\t\t\t\t\t<div class=\"elementor-container elementor-column-gap-default\">\n\t\t\t\t\t<div class=\"elementor-column elementor-col-100 elementor-top-column elementor-element elementor-element-8a5cb11 exad-glass-effect-no exad-sticky-section-no\" data-id=\"8a5cb11\" data-element_type=\"column\" data-e-type=\"column\">\n\t\t\t<div class=\"elementor-widget-wrap elementor-element-populated\">\n\t\t\t\t\t\t<div class=\"elementor-element elementor-element-c5d0996 exad-sticky-section-no exad-glass-effect-no elementor-widget elementor-widget-heading\" data-id=\"c5d0996\" data-element_type=\"widget\" data-e-type=\"widget\" id=\"konzultacia\" data-widget_type=\"heading.default\">\n\t\t\t\t<div class=\"elementor-widget-container\">\n\t\t\t\t\t<h2 class=\"elementor-heading-title elementor-size-default\">Konzult\u00e1cia poistnej udalosti<\/h2>\t\t\t\t<\/div>\n\t\t\t\t<\/div>\n\t\t\t\t<div class=\"elementor-element elementor-element-cb0f5e9 exad-sticky-section-no exad-glass-effect-no elementor-widget elementor-widget-shortcode\" data-id=\"cb0f5e9\" data-element_type=\"widget\" data-e-type=\"widget\" data-widget_type=\"shortcode.default\">\n\t\t\t\t<div class=\"elementor-widget-container\">\n\t\t\t\t\t\t\t<div class=\"elementor-shortcode\">\t\t<div data-elementor-type=\"wp-post\" data-elementor-id=\"1124\" class=\"elementor elementor-1124\">\n\t\t\t\t\t\t<section class=\"elementor-section elementor-top-section elementor-element elementor-element-c3df6b4 elementor-section-boxed elementor-section-height-default elementor-section-height-default exad-glass-effect-no exad-sticky-section-no\" data-id=\"c3df6b4\" data-element_type=\"section\" data-e-type=\"section\" data-settings=\"{&quot;background_background&quot;:&quot;classic&quot;}\">\n\t\t\t\t\t\t<div class=\"elementor-container elementor-column-gap-default\">\n\t\t\t\t\t<div class=\"elementor-column elementor-col-50 elementor-top-column elementor-element elementor-element-a757381 exad-glass-effect-no exad-sticky-section-no\" data-id=\"a757381\" data-element_type=\"column\" data-e-type=\"column\">\n\t\t\t<div class=\"elementor-widget-wrap elementor-element-populated\">\n\t\t\t\t\t\t<div class=\"elementor-element elementor-element-30f7376 exad-sticky-section-no exad-glass-effect-no elementor-widget elementor-widget-heading\" data-id=\"30f7376\" data-element_type=\"widget\" data-e-type=\"widget\" data-widget_type=\"heading.default\">\n\t\t\t\t<div class=\"elementor-widget-container\">\n\t\t\t\t\t<h2 class=\"elementor-heading-title elementor-size-default\">Konzultuje Va\u0161u poistn\u00fa udalos\u0165 <br>s nami<\/h2>\t\t\t\t<\/div>\n\t\t\t\t<\/div>\n\t\t\t\t<div class=\"elementor-element elementor-element-0c7ddc1 elementor-widget-divider--view-line exad-sticky-section-no exad-glass-effect-no elementor-widget elementor-widget-divider\" data-id=\"0c7ddc1\" data-element_type=\"widget\" data-e-type=\"widget\" data-widget_type=\"divider.default\">\n\t\t\t\t<div class=\"elementor-widget-container\">\n\t\t\t\t\t\t\t<div class=\"elementor-divider\">\n\t\t\t<span class=\"elementor-divider-separator\">\n\t\t\t\t\t\t<\/span>\n\t\t<\/div>\n\t\t\t\t\t\t<\/div>\n\t\t\t\t<\/div>\n\t\t\t\t<div class=\"elementor-element elementor-element-3701fe9 elementor-widget__width-initial elementor-icon-list--layout-traditional elementor-list-item-link-full_width exad-sticky-section-no exad-glass-effect-no elementor-widget elementor-widget-icon-list\" data-id=\"3701fe9\" data-element_type=\"widget\" data-e-type=\"widget\" data-widget_type=\"icon-list.default\">\n\t\t\t\t<div class=\"elementor-widget-container\">\n\t\t\t\t\t\t\t<ul class=\"elementor-icon-list-items\">\n\t\t\t\t\t\t\t<li class=\"elementor-icon-list-item\">\n\t\t\t\t\t\t\t\t\t\t\t<span class=\"elementor-icon-list-icon\">\n\t\t\t\t\t\t\t<i aria-hidden=\"true\" class=\"fas fa-check\"><\/i>\t\t\t\t\t\t<\/span>\n\t\t\t\t\t\t\t\t\t\t<span class=\"elementor-icon-list-text\"> Neobmedzen\u00e9 d\u013a\u017eky hovorov<\/span>\n\t\t\t\t\t\t\t\t\t<\/li>\n\t\t\t\t\t\t\t\t<li class=\"elementor-icon-list-item\">\n\t\t\t\t\t\t\t\t\t\t\t<span class=\"elementor-icon-list-icon\">\n\t\t\t\t\t\t\t<i aria-hidden=\"true\" class=\"fas fa-check\"><\/i>\t\t\t\t\t\t<\/span>\n\t\t\t\t\t\t\t\t\t\t<span class=\"elementor-icon-list-text\">Neobmedzen\u00fd po\u010det volan\u00ed oh\u013eadom 1 poistnej udalosti<\/span>\n\t\t\t\t\t\t\t\t\t<\/li>\n\t\t\t\t\t\t\t\t<li class=\"elementor-icon-list-item\">\n\t\t\t\t\t\t\t\t\t\t\t<span class=\"elementor-icon-list-icon\">\n\t\t\t\t\t\t\t<i aria-hidden=\"true\" class=\"fas fa-check\"><\/i>\t\t\t\t\t\t<\/span>\n\t\t\t\t\t\t\t\t\t\t<span class=\"elementor-icon-list-text\">Inform\u00e1cie, ktor\u00e9 na internete nen\u00e1jdete<\/span>\n\t\t\t\t\t\t\t\t\t<\/li>\n\t\t\t\t\t\t\t\t<li class=\"elementor-icon-list-item\">\n\t\t\t\t\t\t\t\t\t\t\t<span class=\"elementor-icon-list-icon\">\n\t\t\t\t\t\t\t<i aria-hidden=\"true\" class=\"fas fa-check\"><\/i>\t\t\t\t\t\t<\/span>\n\t\t\t\t\t\t\t\t\t\t<span class=\"elementor-icon-list-text\"> Sk\u00fasenosti od roku 2015<\/span>\n\t\t\t\t\t\t\t\t\t<\/li>\n\t\t\t\t\t\t\t\t<li class=\"elementor-icon-list-item\">\n\t\t\t\t\t\t\t\t\t\t\t<span class=\"elementor-icon-list-icon\">\n\t\t\t\t\t\t\t<i aria-hidden=\"true\" class=\"fas fa-check\"><\/i>\t\t\t\t\t\t<\/span>\n\t\t\t\t\t\t\t\t\t\t<span class=\"elementor-icon-list-text\">Garancia vr\u00e1tenia pe\u0148az\u00ed<\/span>\n\t\t\t\t\t\t\t\t\t<\/li>\n\t\t\t\t\t\t<\/ul>\n\t\t\t\t\t\t<\/div>\n\t\t\t\t<\/div>\n\t\t\t\t<div class=\"elementor-element elementor-element-94bb2bd exad-sticky-section-no exad-glass-effect-no elementor-widget elementor-widget-exad-exclusive-button\" data-id=\"94bb2bd\" data-element_type=\"widget\" data-e-type=\"widget\" data-widget_type=\"exad-exclusive-button.default\">\n\t\t\t\t<div class=\"elementor-widget-container\">\n\t\t\t\t\t\r\n\t\t<div class=\"exad-button-wrapper effect-2 exad-button-incon-before-text exad-button-fixed-height-no\">\r\n\r\n\t\t\t\r\n\t\t\t<a>\r\n\t\t\t\t\r\n\t\t\t\t<span>\r\n\t\t\t\t\tObjedna\u0165 konzult\u00e1ciu\t\t\t\t<\/span>\r\n\r\n\t\t\t\t\t\t\t<\/a>\r\n\r\n\t\t\t\t\t<\/div>\r\n\t\t\t\t\t\t<\/div>\n\t\t\t\t<\/div>\n\t\t\t\t\t<\/div>\n\t\t<\/div>\n\t\t\t\t<div class=\"elementor-column elementor-col-50 elementor-top-column elementor-element elementor-element-3043a29 exad-glass-effect-no exad-sticky-section-no\" data-id=\"3043a29\" data-element_type=\"column\" data-e-type=\"column\">\n\t\t\t<div class=\"elementor-widget-wrap elementor-element-populated\">\n\t\t\t\t\t\t<div class=\"elementor-element elementor-element-1b61a2e elementor-widget__width-initial exad-sticky-section-no exad-glass-effect-no elementor-widget elementor-widget-exad-image-hover-effect\" data-id=\"1b61a2e\" data-element_type=\"widget\" data-e-type=\"widget\" data-widget_type=\"exad-image-hover-effect.default\">\n\t\t\t\t<div class=\"elementor-widget-container\">\n\t\t\t\t\t        <div class=\"exad-ihe-wrapper\">\r\n                        <div class=\"exad-ihe-grid\">\r\n                <figure class=\"exad-ihe-figure effect-lily\">\r\n\t\t\t\t\t<img fetchpriority=\"high\" decoding=\"async\" width=\"1024\" height=\"715\" src=\"https:\/\/aider.sk\/wp-content\/uploads\/2023\/09\/Juraj_repcok_aider_slovensko_sro-1536x1073-1-1024x715.jpeg\" class=\"attachment-large size-large wp-image-357\" alt=\"Juraj Rep\u010dok , konate\u013e\" srcset=\"https:\/\/aider.sk\/wp-content\/uploads\/2023\/09\/Juraj_repcok_aider_slovensko_sro-1536x1073-1-1024x715.jpeg 1024w, https:\/\/aider.sk\/wp-content\/uploads\/2023\/09\/Juraj_repcok_aider_slovensko_sro-1536x1073-1-300x210.jpeg 300w, https:\/\/aider.sk\/wp-content\/uploads\/2023\/09\/Juraj_repcok_aider_slovensko_sro-1536x1073-1-768x537.jpeg 768w, https:\/\/aider.sk\/wp-content\/uploads\/2023\/09\/Juraj_repcok_aider_slovensko_sro-1536x1073-1-1320x922.jpeg 1320w, https:\/\/aider.sk\/wp-content\/uploads\/2023\/09\/Juraj_repcok_aider_slovensko_sro-1536x1073-1-600x419.jpeg 600w, https:\/\/aider.sk\/wp-content\/uploads\/2023\/09\/Juraj_repcok_aider_slovensko_sro-1536x1073-1.jpeg 1536w\" sizes=\"(max-width: 1024px) 100vw, 1024px\" \/>                    <figcaption class=\"exad-ihe-figcaption\">\r\n                        <h2 class=\"exad-ihe-title\">\r\n                                                    <\/h2>\r\n                        <p class=\"exad-ihe-description\">Konzultujte Va\u0161u poistn\u00fa udalos\u0165 s nami<\/p>\r\n                    <\/figcaption>\r\n                <\/figure>\r\n            <\/div>\r\n                                <\/div>\r\n        \t\t\t\t<\/div>\n\t\t\t\t<\/div>\n\t\t\t\t\t<\/div>\n\t\t<\/div>\n\t\t\t\t\t<\/div>\n\t\t<\/section>\n\t\t\t\t<\/div>\n\t\t<\/div>\n\t\t\t\t\t\t<\/div>\n\t\t\t\t<\/div>\n\t\t\t\t\t<\/div>\n\t\t<\/div>\n\t\t\t\t\t<\/div>\n\t\t<\/section>\n\t\t\t\t<\/div>","protected":false},"excerpt":{"rendered":"<p>Cenn\u00edk Slu\u017eby pri vym\u00e1han\u00ed poistn\u00e9ho plnenia (s\u00fadne \/ mimos\u00fadne) Telefonick\u00e1 konzult\u00e1cia poistn\u00fdch udalost\u00ed bezplatne neobmedzene 1 udalos\u0165 + pos\u00fadenie pr\u00edpadu Zastupovanie pri vym\u00e1han\u00ed poistn\u00e9ho plnenia dohodou percentu\u00e1lna sadzba z prijat\u00e9ho plnenia v z\u00e1vislosti od n\u00e1ro\u010dnosti pr\u00edpadu. Plat\u00edte a\u017e po prijat\u00ed platby na z\u00e1klade na\u0161ej aktivity Dra\u017eba vozidiel Dra\u017eba Vozidla 50 % z rozdielu Polovica rozdielu [&hellip;]<\/p>","protected":false},"author":4,"featured_media":0,"parent":0,"menu_order":0,"comment_status":"closed","ping_status":"closed","template":"","meta":{"_eb_attr":"","site-sidebar-layout":"no-sidebar","site-content-layout":"page-builder","ast-site-content-layout":"default","site-content-style":"default","site-sidebar-style":"default","ast-global-header-display":"","ast-banner-title-visibility":"","ast-main-header-display":"","ast-hfb-above-header-display":"","ast-hfb-below-header-display":"","ast-hfb-mobile-header-display":"","site-post-title":"disabled","ast-breadcrumbs-content":"","ast-featured-img":"disabled","footer-sml-layout":"","theme-transparent-header-meta":"","adv-header-id-meta":"","stick-header-meta":"","header-above-stick-meta":"","header-main-stick-meta":"","header-below-stick-meta":"","astra-migrate-meta-layouts":"default","ast-page-background-enabled":"default","ast-page-background-meta":{"desktop":{"background-color":"var(--ast-global-color-4)","background-image":"","background-repeat":"repeat","background-position":"center center","background-size":"auto","background-attachment":"scroll","background-type":"","background-media":"","overlay-type":"","overlay-color":"","overlay-opacity":"","overlay-gradient":""},"tablet":{"background-color":"","background-image":"","background-repeat":"repeat","background-position":"center center","background-size":"auto","background-attachment":"scroll","background-type":"","background-media":"","overlay-type":"","overlay-color":"","overlay-opacity":"","overlay-gradient":""},"mobile":{"background-color":"","background-image":"","background-repeat":"repeat","background-position":"center center","background-size":"auto","background-attachment":"scroll","background-type":"","background-media":"","overlay-type":"","overlay-color":"","overlay-opacity":"","overlay-gradient":""}},"ast-content-background-meta":{"desktop":{"background-color":"var(--ast-global-color-5)","background-image":"","background-repeat":"repeat","background-position":"center center","background-size":"auto","background-attachment":"scroll","background-type":"","background-media":"","overlay-type":"","overlay-color":"","overlay-opacity":"","overlay-gradient":""},"tablet":{"background-color":"var(--ast-global-color-5)","background-image":"","background-repeat":"repeat","background-position":"center center","background-size":"auto","background-attachment":"scroll","background-type":"","background-media":"","overlay-type":"","overlay-color":"","overlay-opacity":"","overlay-gradient":""},"mobile":{"background-color":"var(--ast-global-color-5)","background-image":"","background-repeat":"repeat","background-position":"center center","background-size":"auto","background-attachment":"scroll","background-type":"","background-media":"","overlay-type":"","overlay-color":"","overlay-opacity":"","overlay-gradient":""}},"footnotes":""},"class_list":["post-1243","page","type-page","status-publish","hentry"],"_links":{"self":[{"href":"https:\/\/aider.sk\/en\/wp-json\/wp\/v2\/pages\/1243","targetHints":{"allow":["GET"]}}],"collection":[{"href":"https:\/\/aider.sk\/en\/wp-json\/wp\/v2\/pages"}],"about":[{"href":"https:\/\/aider.sk\/en\/wp-json\/wp\/v2\/types\/page"}],"author":[{"embeddable":true,"href":"https:\/\/aider.sk\/en\/wp-json\/wp\/v2\/users\/4"}],"replies":[{"embeddable":true,"href":"https:\/\/aider.sk\/en\/wp-json\/wp\/v2\/comments?post=1243"}],"version-history":[{"count":3,"href":"https:\/\/aider.sk\/en\/wp-json\/wp\/v2\/pages\/1243\/revisions"}],"predecessor-version":[{"id":6612,"href":"https:\/\/aider.sk\/en\/wp-json\/wp\/v2\/pages\/1243\/revisions\/6612"}],"wp:attachment":[{"href":"https:\/\/aider.sk\/en\/wp-json\/wp\/v2\/media?parent=1243"}],"curies":[{"name":"wp","href":"https:\/\/api.w.org\/{rel}","templated":true}]}}